{"id":475,"date":"2018-11-07T13:41:15","date_gmt":"2018-11-07T13:41:15","guid":{"rendered":"http:\/\/ticunia.com\/de\/?page_id=475"},"modified":"2019-06-04T11:11:12","modified_gmt":"2019-06-04T11:11:12","slug":"vision","status":"publish","type":"page","link":"https:\/\/ticunia.com\/de\/vision\/","title":{"rendered":"Vision"},"content":{"rendered":"<p>[vc_row margin_top=&#8221;-50px&#8221; margin_bottom=&#8221;0&#8243; full_width_row=&#8221;true&#8221; css=&#8221;.vc_custom_1506953235692{margin-bottom: 0px !important;}&#8221;][vc_column width=&#8221;2\/3&#8243;][vc_raw_html]JTNDdmlkZW8lMjB3aWR0aCUzRCUyMmF1dG8lMjIlMjBoZWlnaHQlM0QlMjJhdXRvJTIyJTIwcGxheXNpbmxpbmUlMjBhdXRvcGxheSUyMG11dGVkJTIwbG9vcCUyMHBvc3RlciUzRCUyMiUyMyUyMiUyMGlkJTNEJTIyYmd2aWQlMjIlM0UlMEElMjAlMjAlMjAlMjAlMEElMjAlMjAlMjAlMjAlM0Nzb3VyY2UlMjBzcmMlM0QlMjJodHRwJTNBJTJGJTJGdGljdW5pYS5jb20lMkZ3cC1jb250ZW50JTJGdXBsb2FkcyUyRjIwMTclMkYxMCUyRkFuaW1hdGlvbl9vbmx5X25ldXRyYWwubXA0JTIyJTNFJTBBJTNDJTJGdmlkZW8lM0U=[\/vc_raw_html][\/vc_column][vc_column width=&#8221;1\/3&#8243; css=&#8221;.vc_custom_1506953498846{margin-top: 35% !important;}&#8221;][vc_custom_heading text=&#8221;ZEITKARTE&#8221; use_theme_fonts=&#8221;yes&#8221;][vc_column_text]Entfernungen t\u00e4uschen. Karten t\u00e4uschen.<br \/>\nDenn sie ber\u00fccksichtigen nicht die Zeit.<br \/>\nTicunia \u00e4ndert das.<br \/>\nWir geben den Karten einen neuen Ma\u00dfstab: Aus Kilometer wird Zeit.<br \/>\nUnd damit l\u00f6sen wir eine Reihe fundamentaler Probleme.<br \/>\nWelcome to something revolutionary.[\/vc_column_text][\/vc_column][\/vc_row][vc_row][vc_column width=&#8221;1\/2&#8243;][vc_empty_space][vc_custom_heading text=&#8221;AUS METERN WIRD ZEIT&#8221; use_theme_fonts=&#8221;yes&#8221;][vc_column_text]Karten zeigen Orte und Ziele. Ihr Ma\u00dfstab? Kilometer.<br \/>\nAber was interessiert alle Menschen am meisten? Zeit.<br \/>\nWir fragen also nach der Zeit und Karten antworten uns in Kilometern.<br \/>\nW\u00e4re es nicht viel besser, eine Antwort in Zeit zu erhalten? Nat\u00fcrlich. Denn die zeitliche Lage meiner Ziele ist doch viel hilfreicher als die geografische Lage.<br \/>\nUnd dies ist das Grundprinzip der Ticunia Timap.<br \/>\nWir geben den Karten einen neuen Ma\u00dfstab.<br \/>\nAus Kilometern wird Zeit![\/vc_column_text][\/vc_column][vc_column width=&#8221;1\/2&#8243;][vc_empty_space][vc_single_image image=&#8221;1179&#8243; img_size=&#8221;full&#8221; alignment=&#8221;right&#8221; image_hovers=&#8221;false&#8221; lazy_loading=&#8221;true&#8221;][\/vc_column][\/vc_row][vc_row][vc_column][vc_empty_space height=&#8221;64px&#8221;][\/vc_column][\/vc_row][vc_row type=&#8221;vc_default&#8221; full_width=&#8221;stretch_row&#8221; bg_type=&#8221;bg_color&#8221; bg_color_value=&#8221;#f4f4f4&#8243; css=&#8221;.vc_custom_1542908402149{background-color: #f4f4f4 !important;}&#8221;][vc_column width=&#8221;1\/2&#8243;][vc_empty_space][vc_single_image image=&#8221;1181&#8243; img_size=&#8221;full&#8221; image_hovers=&#8221;false&#8221; lazy_loading=&#8221;true&#8221;][\/vc_column][vc_column width=&#8221;1\/2&#8243;][vc_empty_space][vc_custom_heading text=&#8221;TICUNIA = ZIELE + ZEIT + DATA&#8221; font_container=&#8221;tag:h2|text_align:right&#8221; use_theme_fonts=&#8221;yes&#8221;][vc_column_text]Wir stellen den Menschen in den Mittelpunkt und verwandeln klassische, statische Karten in individuelle, relative und simultane Zeitkarten. Dies funktioniert dynamisch durch Nutzung aktueller Daten, die die zeitliche Erreichbarkeit der Ziele determinieren.[\/vc_column_text][\/vc_column][\/vc_row][vc_row][vc_column][vc_empty_space height=&#8221;64px&#8221;][\/vc_column][\/vc_row][vc_row][vc_column width=&#8221;1\/2&#8243;][vc_empty_space][vc_custom_heading text=&#8221;ZEIT GEWINNEN + GELD SPAREN&#8221; use_theme_fonts=&#8221;yes&#8221;][vc_column_text]Ticunia funktioniert immer dann, wenn der Mensch auf der Suche nach Zielen ist.<\/p>\n<p>Und er Mensch ist oft auf der Suche. Nach Jobs, Hotels, Urlaub, Wohnungen, Restaurants, Standorten, Partnern, Shops, Ausfl\u00fcgen und vielem mehr.<\/p>\n<p>Dabei optimiert Ticunia jedesmal die zwei wichtigsten Dinge \u00fcberhaupt: Zeit und Geld.<\/p>\n<p>Ein typisches Beispiel ist die Hotelsuche in Online-Portalen. Hier spart Ticunia viel Geld und Zeit. Und zwar sowohl bei der Suche. Als auch auf dem Weg zum Hotel.[\/vc_column_text][\/vc_column][vc_column width=&#8221;1\/2&#8243;][vc_empty_space][vc_single_image image=&#8221;329&#8243; img_size=&#8221;full&#8221;][\/vc_column][\/vc_row][vc_row][vc_column][vc_empty_space height=&#8221;64px&#8221;][\/vc_column][\/vc_row][vc_row type=&#8221;vc_default&#8221; full_width=&#8221;stretch_row_content_no_spaces&#8221; content_placement=&#8221;middle&#8221; parallax=&#8221;content-moving&#8221; parallax_image=&#8221;707&#8243; parallax_speed_bg=&#8221;1.3&#8243;][vc_column width=&#8221;1\/2&#8243;][vc_empty_space height=&#8221;500px&#8221;][\/vc_column][vc_column width=&#8221;1\/2&#8243;][vc_custom_heading text=&#8221;DIE ZUKUNFT DER KARTEN IST ZEIT&#8221; font_container=&#8221;tag:h2|text_align:center|color:%23ffffff&#8221; use_theme_fonts=&#8221;yes&#8221;][\/vc_column][\/vc_row][vc_row type=&#8221;vc_default&#8221; full_width=&#8221;stretch_row&#8221; bg_type=&#8221;bg_color&#8221; bg_color_value=&#8221;#f4f4f4&#8243; css=&#8221;.vc_custom_1542908417346{background-color: #f4f4f4 !important;}&#8221;][vc_column width=&#8221;1\/2&#8243;][vc_empty_space][vc_single_image image=&#8221;330&#8243; img_size=&#8221;full&#8221;][\/vc_column][vc_column width=&#8221;1\/2&#8243;][vc_empty_space][vc_custom_heading text=&#8221;ZUKUNFT DER KARTEN &#8221; font_container=&#8221;tag:h2|text_align:right&#8221; use_theme_fonts=&#8221;yes&#8221;][vc_column_text]10 km auf einer Karte k\u00f6nnen 4 Minuten Reisezeit ben\u00f6tigen. Oder 60 Minuten.<\/p>\n<p>Verkehrsmittel haben sich ge\u00e4ndert. Geschwindigkeiten haben sich ge\u00e4ndert. Alles hat sich ge\u00e4ndert. Au\u00dfer unsere Karten. Sie sind die gleichen wie vor Erfindung der Dampfmaschine.<\/p>\n<p>Und genau das \u00e4ndert Ticunia jetzt. Ein Ziel, was doppelt so weit entfernt liegt, ben\u00f6tigt auch die doppelte Zeit. Das ist die Erfindung der Zukunft der Karten.[\/vc_column_text][\/vc_column][\/vc_row][vc_row][vc_column][vc_empty_space height=&#8221;64px&#8221;][\/vc_column][\/vc_row][vc_row][vc_column width=&#8221;1\/2&#8243;][vc_empty_space][vc_custom_heading text=&#8221;RADIKAL RELATIV&#8221; use_theme_fonts=&#8221;yes&#8221;][vc_column_text]Bis jetzt: Ein Autor zeichnet eine Karte &#8211; Millionen Menschen nutzen diese Karte.<\/p>\n<p>Ab jetzt: Ticunia. Wir entlassen den einen Autor. Stattdessen wird jeder einzelne Mensch automatisch selbst zum Autor und Mittelpunkt seiner ganz eigenen Karte. Die Karte dient ihm, sie folgt ihm, gestaltet sich um ihn herum. Simultan, dynamisch, individuell und ma\u00dfgeschneidert.<\/p>\n<p>Dies ist f\u00fcr den Anfang ungewohnt.<br \/>\nAber kein Problem.<br \/>\nDenn Wahrnehmung ist relativ.<\/p>\n<p>Und, ob wir die Erde in Karten geometrisch darstellen oder sie zeitlich darstellen \u2013 beides ist eine relative Abstraktion.<\/p>\n<p>Mit dem Unterschied, dass Zeitkarten ungeahnte Vorteile bieten.[\/vc_column_text][\/vc_column][vc_column width=&#8221;1\/2&#8243;][vc_empty_space][vc_single_image image=&#8221;331&#8243; img_size=&#8221;full&#8221;][\/vc_column][\/vc_row][vc_row][vc_column][vc_empty_space][\/vc_column][\/vc_row][vc_row type=&#8221;vc_default&#8221; full_width=&#8221;stretch_row&#8221; content_placement=&#8221;middle&#8221; css=&#8221;.vc_custom_1546626299199{background-color: #f8f9fb !important;}&#8221;][vc_column][vc_empty_space height=&#8221;64px&#8221;][vc_row_inner content_placement=&#8221;middle&#8221;][vc_column_inner width=&#8221;1\/4&#8243;][vc_icon type=&#8221;openiconic&#8221; icon_openiconic=&#8221;vc-oi vc-oi-ok&#8221; color=&#8221;custom&#8221; size=&#8221;lg&#8221; align=&#8221;right&#8221; css_animation=&#8221;appear&#8221; custom_color=&#8221;#557cc1&#8243;][\/vc_column_inner][vc_column_inner width=&#8221;3\/4&#8243;][vc_column_text]<\/p>\n<h3 style=\"font-weight: normal; text-align: left;\">Patent Pending: USA, Japan, EU, China, S\u00fcdkorea, Kanada, Australien<strong><br \/>\n<\/strong><\/h3>\n<p>[\/vc_column_text][\/vc_column_inner][\/vc_row_inner][vc_empty_space height=&#8221;64px&#8221;][\/vc_column][\/vc_row][vc_row type=&#8221;vc_default&#8221; full_width=&#8221;stretch_row&#8221; content_placement=&#8221;middle&#8221; el_id=&#8221;contact&#8221; css=&#8221;.vc_custom_1543842269328{background-color: #557cc1 !important;}&#8221;][vc_column width=&#8221;1\/3&#8243;][vc_single_image image=&#8221;1048&#8243; img_size=&#8221;full&#8221; image_hovers=&#8221;false&#8221;][\/vc_column][vc_column width=&#8221;2\/3&#8243;][vc_custom_heading text=&#8221;IHR KONTAKT ZU UNS&#8221; font_container=&#8221;tag:h2|text_align:left|color:%23ffffff&#8221; use_theme_fonts=&#8221;yes&#8221;][vc_custom_heading text=&#8221;Senden Sie uns jetzt eine Nachricht.<br \/>\nUnsere Experten sind f\u00fcr Sie da. &#8221; font_container=&#8221;tag:h2|font_size:20|text_align:left|color:%23ffffff&#8221; use_theme_fonts=&#8221;yes&#8221;]<div role=\"form\" class=\"wpcf7\" id=\"wpcf7-f1053-o1\" lang=\"en-US\" dir=\"ltr\">\n<div class=\"screen-reader-response\" aria-live=\"polite\"><\/div>\n<form action=\"\/de\/wp-json\/wp\/v2\/pages\/475#wpcf7-f1053-o1\" method=\"post\" class=\"wpcf7-form\" novalidate=\"novalidate\">\n<div style=\"display: none;\">\n<input type=\"hidden\" name=\"_wpcf7\" value=\"1053\" \/>\n<input type=\"hidden\" name=\"_wpcf7_version\" value=\"5.1.9\" \/>\n<input type=\"hidden\" name=\"_wpcf7_locale\" value=\"en_US\" \/>\n<input type=\"hidden\" name=\"_wpcf7_unit_tag\" value=\"wpcf7-f1053-o1\" \/>\n<input type=\"hidden\" name=\"_wpcf7_container_post\" value=\"0\" \/>\n<\/div>\n<p><label><br \/>\n    <span class=\"wpcf7-form-control-wrap your-name\"><input type=\"text\" name=\"your-name\" value=\"Name (required)\" size=\"40\" class=\"wpcf7-form-control wpcf7-text wpcf7-validates-as-required\" aria-required=\"true\" aria-invalid=\"false\" \/><\/span> <\/label><\/p>\n<p><label><br \/>\n    <span class=\"wpcf7-form-control-wrap your-email\"><input type=\"email\" name=\"your-email\" value=\"Email (required)\" size=\"40\" class=\"wpcf7-form-control wpcf7-text wpcf7-email wpcf7-validates-as-required wpcf7-validates-as-email\" aria-required=\"true\" aria-invalid=\"false\" \/><\/span> <\/label><\/p>\n<p><label><br \/>\n    <span class=\"wpcf7-form-control-wrap your-subject\"><input type=\"text\" name=\"your-subject\" value=\"Subject\" size=\"40\" class=\"wpcf7-form-control wpcf7-text\" aria-invalid=\"false\" \/><\/span> <\/label><\/p>\n<p><label><br \/>\n    <span class=\"wpcf7-form-control-wrap your-message\"><textarea name=\"your-message\" cols=\"40\" rows=\"10\" class=\"wpcf7-form-control wpcf7-textarea\" aria-invalid=\"false\">Message<\/textarea><\/span> <\/label><\/p>\n<p><input type=\"submit\" value=\"Send message\" class=\"wpcf7-form-control wpcf7-submit\" \/><\/p>\n<div class=\"wpcf7-response-output wpcf7-display-none\" aria-hidden=\"true\"><\/div><\/form><\/div>[vc_empty_space][\/vc_column][\/vc_row]<\/p>\n","protected":false},"excerpt":{"rendered":"<p>[vc_row margin_top=&#8221;-50px&#8221; margin_bottom=&#8221;0&#8243; full_width_row=&#8221;true&#8221; css=&#8221;.vc_custom_1506953235692{margin-bottom: 0px !important;}&#8221;][vc_column width=&#8221;2\/3&#8243;][vc_raw_html]JTNDdmlkZW8lMjB3aWR0aCUzRCUyMmF1dG8lMjIlMjBoZWlnaHQlM0QlMjJhdXRvJTIyJTIwcGxheXNpbmxpbmUlMjBhdXRvcGxheSUyMG11dGVkJTIwbG9vcCUyMHBvc3RlciUzRCUyMiUyMyUyMiUyMGlkJTNEJTIyYmd2aWQlMjIlM0UlMEElMjAlMjAlMjAlMjAlMEElMjAlMjAlMjAlMjAlM0Nzb3VyY2UlMjBzcmMlM0QlMjJodHRwJTNBJTJGJTJGdGljdW5pYS5jb20lMkZ3cC1jb250ZW50JTJGdXBsb2FkcyUyRjIwMTclMkYxMCUyRkFuaW1hdGlvbl9vbmx5X25ldXRyYWwubXA0JTIyJTNFJTBBJTNDJTJGdmlkZW8lM0U=[\/vc_raw_html][\/vc_column][vc_column width=&#8221;1\/3&#8243; css=&#8221;.vc_custom_1506953498846{margin-top: 35% !important;}&#8221;][vc_custom_heading text=&#8221;ZEITKARTE&#8221; use_theme_fonts=&#8221;yes&#8221;][vc_column_text]Entfernungen t\u00e4uschen. Karten t\u00e4uschen. Denn sie ber\u00fccksichtigen nicht die Zeit. Ticunia \u00e4ndert das. Wir geben den Karten einen neuen Ma\u00dfstab: Aus Kilometer wird Zeit. Und damit l\u00f6sen wir eine Reihe fundamentaler Probleme. Welcome to something revolutionary.[\/vc_column_text][\/vc_column][\/vc_row][vc_row][vc_column width=&#8221;1\/2&#8243;][vc_empty_space][vc_custom_heading text=&#8221;AUS METERN WIRD ZEIT&#8221; use_theme_fonts=&#8221;yes&#8221;][vc_column_text]Karten&hellip;<\/p>\n","protected":false},"author":1,"featured_media":0,"parent":0,"menu_order":0,"comment_status":"closed","ping_status":"closed","template":"","meta":[],"_links":{"self":[{"href":"https:\/\/ticunia.com\/de\/wp-json\/wp\/v2\/pages\/475"}],"collection":[{"href":"https:\/\/ticunia.com\/de\/wp-json\/wp\/v2\/pages"}],"about":[{"href":"https:\/\/ticunia.com\/de\/wp-json\/wp\/v2\/types\/page"}],"author":[{"embeddable":true,"href":"https:\/\/ticunia.com\/de\/wp-json\/wp\/v2\/users\/1"}],"replies":[{"embeddable":true,"href":"https:\/\/ticunia.com\/de\/wp-json\/wp\/v2\/comments?post=475"}],"version-history":[{"count":10,"href":"https:\/\/ticunia.com\/de\/wp-json\/wp\/v2\/pages\/475\/revisions"}],"predecessor-version":[{"id":1646,"href":"https:\/\/ticunia.com\/de\/wp-json\/wp\/v2\/pages\/475\/revisions\/1646"}],"wp:attachment":[{"href":"https:\/\/ticunia.com\/de\/wp-json\/wp\/v2\/media?parent=475"}],"curies":[{"name":"wp","href":"https:\/\/api.w.org\/{rel}","templated":true}]}}