{"id":249,"date":"2017-10-02T13:05:33","date_gmt":"2017-10-02T13:05:33","guid":{"rendered":"http:\/\/ticunia.com\/de\/?page_id=249"},"modified":"2018-11-22T17:38:20","modified_gmt":"2018-11-22T17:38:20","slug":"business-solutions","status":"publish","type":"page","link":"https:\/\/ticunia.com\/de\/business-solutions\/","title":{"rendered":"Business Solutions"},"content":{"rendered":"<p>[vc_row margin_bottom=&#8221;0&#8243; full_width_row=&#8221;true&#8221; css=&#8221;.vc_custom_1465388380344{margin-bottom: 0px !important;}&#8221;][vc_column][rev_slider_vc alias=&#8221;home&#8221; el_class=&#8221;nomargin&#8221;][\/vc_column][\/vc_row][vc_row type=&#8221;vc_default&#8221; full_width=&#8221;stretch_row&#8221; bg_type=&#8221;bg_color&#8221; bg_color_value=&#8221;#f4f4f4&#8243; css=&#8221;.vc_custom_1542907966647{margin-top: 0px !important;border-top-width: 0px !important;padding-top: 0px !important;background-color: #f4f4f4 !important;}&#8221;][vc_column][vc_custom_heading text=&#8221;So funktioniert Ticunia&#8221; font_container=&#8221;tag:h2|font_size:30|text_align:center&#8221; use_theme_fonts=&#8221;yes&#8221;][\/vc_column][\/vc_row][vc_row type=&#8221;vc_default&#8221; full_width=&#8221;stretch_row&#8221; bg_type=&#8221;bg_color&#8221; bg_color_value=&#8221;#f4f4f4&#8243; css=&#8221;.vc_custom_1542907978067{background-color: #f4f4f4 !important;}&#8221;][vc_column width=&#8221;1\/4&#8243;][vc_icon icon_fontawesome=&#8221;fa fa-search&#8221; color=&#8221;custom&#8221; size=&#8221;lg&#8221; align=&#8221;center&#8221; custom_color=&#8221;#e74c3c&#8221;][vc_custom_heading text=&#8221;Finden &amp; Entscheiden&#8221; font_container=&#8221;tag:h2|font_size:20|text_align:center&#8221; use_theme_fonts=&#8221;yes&#8221;][vc_column_text]<\/p>\n<p style=\"text-align: center;\">Schnell wie nie zuvor:<br \/>\nDas Finden Ihrer Produkte.<\/p>\n<p style=\"text-align: center;\">Exakt und einfach:<br \/>\nDie richtige Auswahl.<\/p>\n<p>[\/vc_column_text][\/vc_column][vc_column width=&#8221;1\/4&#8243;][vc_icon icon_fontawesome=&#8221;fa fa-line-chart&#8221; color=&#8221;custom&#8221; size=&#8221;lg&#8221; align=&#8221;center&#8221; custom_color=&#8221;#e74c3c&#8221;][vc_custom_heading text=&#8221;Buchen &amp; Bestellen&#8221; font_container=&#8221;tag:h2|font_size:20|text_align:center&#8221; use_theme_fonts=&#8221;yes&#8221;][vc_column_text]<\/p>\n<p style=\"text-align: center;\">Starker Mehrwert f\u00fcr Ihre Kunden:<br \/>\nGeschwindigkeit und Qualit\u00e4t.<\/p>\n<p style=\"text-align: center;\">Starker Einfluss auf die Buchung:<br \/>\nPassgenauigkeit des Angebots.<\/p>\n<p>[\/vc_column_text][\/vc_column][vc_column width=&#8221;1\/4&#8243;][vc_icon icon_fontawesome=&#8221;fa fa-rocket&#8221; color=&#8221;custom&#8221; size=&#8221;lg&#8221; align=&#8221;center&#8221; custom_color=&#8221;#e74c3c&#8221;][vc_custom_heading text=&#8221;Ihr Vorsprung!&#8221; font_container=&#8221;tag:h2|font_size:20|text_align:center&#8221; use_theme_fonts=&#8221;yes&#8221;][vc_column_text]<\/p>\n<p style=\"text-align: center;\">Klarer Vorsprung durch Innovation:<br \/>\nticunia technology steht solit\u00e4r.<\/p>\n<p style=\"text-align: center;\">Klarer Vorteil im Wettbewerb:<br \/>\nKraftvolle Alleinstellungsinstrumente.<\/p>\n<p>[\/vc_column_text][\/vc_column][vc_column width=&#8221;1\/4&#8243;][vc_icon icon_fontawesome=&#8221;fa fa-magic&#8221; color=&#8221;custom&#8221; size=&#8221;lg&#8221; align=&#8221;center&#8221; custom_color=&#8221;#e74c3c&#8221;][vc_custom_heading text=&#8221;Technologie&#8221; font_container=&#8221;tag:h2|font_size:20|text_align:center&#8221; use_theme_fonts=&#8221;yes&#8221;][vc_column_text]<\/p>\n<p style=\"text-align: center;\">Individuell und leistungsstark:<br \/>\nAPI Design gem\u00e4\u00df Zielstruktur.<\/p>\n<p style=\"text-align: center;\">Barrierefrei und reibungslos:<br \/>\nCI-designed user interface.<\/p>\n<p>[\/vc_column_text][\/vc_column][\/vc_row][vc_row type=&#8221;vc_default&#8221; full_width=&#8221;stretch_row&#8221; bg_type=&#8221;bg_color&#8221; bg_color_value=&#8221;#f4f4f4&#8243; css=&#8221;.vc_custom_1542907990715{background-color: #f4f4f4 !important;}&#8221;][vc_column][vc_empty_space height=&#8221;15px&#8221;][\/vc_column][\/vc_row][vc_row type=&#8221;vc_default&#8221; full_width=&#8221;stretch_row&#8221; parallax=&#8221;content-moving&#8221; parallax_image=&#8221;35&#8243; parallax_speed_bg=&#8221;2&#8243; bg_type=&#8221;image&#8221; parallax_style=&#8221;vcpb-default&#8221; bg_image_new=&#8221;id^35|url^http:\/\/ticunia.com\/wp-content\/uploads\/2016\/06\/ticunia_couds1.jpg|caption^null|alt^null|title^ticunia_couds1|description^null&#8221; bg_img_attach=&#8221;fixed&#8221; bg_override=&#8221;ex-full&#8221;][vc_column][vc_empty_space height=&#8221;96px&#8221;][vc_custom_heading text=&#8221;Ticunia Timap kreiert dynamische und relative Zeitkarten.&#8221; font_container=&#8221;tag:h2|font_size:20|text_align:center|color:%23ffffff&#8221; use_theme_fonts=&#8221;yes&#8221;][vc_custom_heading text=&#8221;Dies revolutioniert die Suche und Auswahl Ihrer Ziele, Standorte, Angebote oder Produkte. &#8221; font_container=&#8221;tag:h2|font_size:20|text_align:center|color:%23ffffff&#8221; use_theme_fonts=&#8221;yes&#8221;][vc_empty_space height=&#8221;96px&#8221;][\/vc_column][\/vc_row][vc_row type=&#8221;vc_default&#8221; full_width=&#8221;stretch_row&#8221; css=&#8221;.vc_custom_1465388870969{background-color: #f4f4f4 !important;}&#8221;][vc_column width=&#8221;2\/3&#8243;][vc_empty_space height=&#8221;35px&#8221;][vc_custom_heading text=&#8221;Finden und Entscheiden&#8221; font_container=&#8221;tag:h2|font_size:20|text_align:left&#8221; use_theme_fonts=&#8221;yes&#8221;][vc_column_text]Mit Zunahme m\u00f6glicher Ziele und Alternativen steigt die Suchzeit und sinkt die Qualit\u00e4t der Entscheidung \u00fcberproportional bis zu exponentiell. Ticunia Timap l\u00f6st dieses Problem revolution\u00e4r. Alle Ziele und Ergebnisse erscheinen unmittelbar auf Basis der Faktoren Zeit und Kosten. Ihr Kunde erkennt selbst bei hochkomplexen Suchvorg\u00e4ngen die f\u00fcr ihn beste Wahl auf einen einzigen Blick.[\/vc_column_text][vc_empty_space height=&#8221;35px&#8221;][\/vc_column][vc_column width=&#8221;1\/3&#8243;][vc_empty_space height=&#8221;15px&#8221;][vc_single_image image=&#8221;58&#8243; alignment=&#8221;center&#8221; css_animation=&#8221;fadeInRight&#8221;][\/vc_column][\/vc_row][vc_row type=&#8221;vc_default&#8221; full_width=&#8221;stretch_row&#8221; css=&#8221;.vc_custom_1465389151074{background-color: #ffffff !important;}&#8221;][vc_column width=&#8221;1\/3&#8243;][vc_empty_space height=&#8221;15px&#8221;][vc_single_image image=&#8221;59&#8243; alignment=&#8221;center&#8221; css_animation=&#8221;fadeInLeft&#8221;][\/vc_column][vc_column width=&#8221;2\/3&#8243;][vc_empty_space height=&#8221;35px&#8221;][vc_custom_heading text=&#8221;Mehr Buchungen, mehr Umsatz&#8221; font_container=&#8221;tag:h2|font_size:20|text_align:left&#8221; use_theme_fonts=&#8221;yes&#8221;][vc_column_text]Immer dann, wenn der Mensch auf der Suche nach Zielen ist, liefert Ticunia sensationelle Ergebnisse. Alle Erbgebnisse erscheinen unmittelbar, die Auswahl ist auch bei vielen Alternativen problemlos. Die Qualit\u00e4t der Entscheidung wird maximiert. Dies liefert einen fundamentalen Mehrwert f\u00fcr Ihre Kunden.[\/vc_column_text][vc_empty_space height=&#8221;35px&#8221;][\/vc_column][\/vc_row][vc_row type=&#8221;vc_default&#8221; full_width=&#8221;stretch_row&#8221; css=&#8221;.vc_custom_1465388870969{background-color: #f4f4f4 !important;}&#8221;][vc_column width=&#8221;2\/3&#8243;][vc_empty_space height=&#8221;35px&#8221;][vc_custom_heading text=&#8221;Vorsprung durch Innovation&#8221; font_container=&#8221;tag:h2|font_size:20|text_align:left&#8221; use_theme_fonts=&#8221;yes&#8221;][vc_column_text]Ticunia ist Erfinder der dynamischen Zeitkarte. Ihre Kunden suchen nach Zielen, Standorten, Produkten? Mit der Ticunia Technologie erhalten Sie f\u00fcr Ihr Portal ein so einzigartiges wie schlagkr\u00e4ftiges Instrument zur Abhebung gegen\u00fcber Ihrer direkten Konkurrenz.[\/vc_column_text][vc_empty_space height=&#8221;35px&#8221;][\/vc_column][vc_column width=&#8221;1\/3&#8243;][vc_empty_space height=&#8221;15px&#8221;][vc_single_image image=&#8221;60&#8243; alignment=&#8221;center&#8221; css_animation=&#8221;fadeInRight&#8221;][\/vc_column][\/vc_row][vc_row type=&#8221;vc_default&#8221; full_width=&#8221;stretch_row&#8221; css=&#8221;.vc_custom_1465389211385{background-color: #ffffff !important;}&#8221;][vc_column width=&#8221;1\/3&#8243;][vc_empty_space height=&#8221;15px&#8221;][vc_single_image image=&#8221;61&#8243; alignment=&#8221;center&#8221; css_animation=&#8221;fadeInLeft&#8221;][\/vc_column][vc_column width=&#8221;2\/3&#8243;][vc_empty_space height=&#8221;35px&#8221;][vc_custom_heading text=&#8221;Technologie&#8221; font_container=&#8221;tag:h2|font_size:20|text_align:left&#8221; use_theme_fonts=&#8221;yes&#8221;][vc_column_text]Ticunia f\u00fcgt sich barrierefrei und gem\u00e4\u00df Ihrer CI in Ihr Portal ein. Das Ticunia-Leistungsspektrum wird den individuellen Zielvorgaben Ihres Portals exakt angepasst.[\/vc_column_text][vc_empty_space height=&#8221;35px&#8221;][\/vc_column][\/vc_row][vc_row type=&#8221;vc_default&#8221; full_width=&#8221;stretch_row_content_no_spaces&#8221; parallax=&#8221;content-moving&#8221; parallax_image=&#8221;100&#8243; bg_type=&#8221;image&#8221; parallax_style=&#8221;vcpb-default&#8221; bg_image_new=&#8221;id^109|url^http:\/\/ticunia.com\/wp-content\/uploads\/2016\/06\/ticunia_map2.jpg|caption^null|alt^null|title^ticunia_map2|description^null&#8221; bg_image_repeat=&#8221;no-repeat&#8221; bg_img_attach=&#8221;fixed&#8221;][vc_column][vc_empty_space height=&#8221;350px&#8221;][\/vc_column][\/vc_row][vc_row type=&#8221;vc_default&#8221; full_width=&#8221;stretch_row&#8221; bg_type=&#8221;image&#8221; parallax_style=&#8221;vcpb-default&#8221; bg_image_new=&#8221;id^117|url^http:\/\/ticunia.com\/wp-content\/uploads\/2016\/06\/ticunia_about.jpg|caption^null|alt^null|title^ticunia_about|description^null&#8221; bg_override=&#8221;full&#8221; css=&#8221;.vc_custom_1542908295614{background-image: url(https:\/\/ticunia.com\/wp-content\/uploads\/2016\/06\/ticunia_about-1.jpg?id=123) !important;}&#8221;][vc_column width=&#8221;2\/3&#8243;][vc_custom_heading text=&#8221;Ticunia&#8221; font_container=&#8221;tag:h2|font_size:30|text_align:left&#8221; use_theme_fonts=&#8221;yes&#8221;][vc_custom_heading text=&#8221;Finden und Entscheiden&#8221; font_container=&#8221;tag:h2|font_size:20|text_align:left&#8221; use_theme_fonts=&#8221;yes&#8221;][vc_column_text]Viele Parameter beeinflussen die Entscheidung f\u00fcr oder gegen ein Ziel, einen Standort, ein Produkt oder eine Dienstleistung. Ein wesentlicher Faktor dabei ist die zeitliche Erreichbarkeit. Mit Zunahme der Anzahl m\u00f6glicher Ziele und dazugeh\u00f6riger Angebote und Alternativen sinkt jedoch die Qualit\u00e4t der Entscheidung \u00fcberproportional bis exponentiell. Gleichzeitig steigt die erforderliche Suchzeit ebenfalls \u00fcberproportional.<\/p>\n<p>So ist die Wahl eines Hotels in New York City bei 4000 alternativen Hotels und Ferienwohnungen bereits dann sehr schwierig, wenn man nur die zeitliche Erreichbarkeit jedes einzelnen Hotels sowie die Kriterien \u201ePreis\u201c und \u201eHotelsterne\u201c ber\u00fccksichtigt. Bei noch weiteren Kriterien wie Bewertungen, Lage, Gastronomie und Zimmergr\u00f6\u00dfe steigt der Zeitaufwand f\u00fcr die Auswahl dramatisch an und die Qualit\u00e4t der Entscheidung sinkt deutlich. Nimmt man abermals Produkteigenschaften hinzu, ist ab einem gewissen Punkt eine objektive Entscheidung gar nicht mehr m\u00f6glich.<\/p>\n<p>Ticunia l\u00f6st dieses Problem mit der Zeitkarte, welche zus\u00e4tzlich Daten der individuellen, entscheidungsrelevanten Parameter aufgreift und so extrem verdichtete Entscheidungsgrundlagen bereitstellt. \u00a0Auf diese Art wird der Prozess der Produktsuche und der Prozess der Kauf- oder Buchungsentscheidung durch die zwei Faktoren Geschwindigkeit und Qualit\u00e4t ma\u00dfgeblich beeinflusst und optimiert.<\/p>\n<p>Das Resultat: Ziele und deren dazugeh\u00f6rige Produkte und Informationen werden wesentlich schneller gefunden. Die Darstellung der Ergebnisse wird visuell verdichtet. Die Erfassung der besten Ergebnisse erfolgt unmittelbar. Die Verdichtung der Informationen richtet sich nach den individuellen, auch subjektiven Pr\u00e4ferenzen des Nutzers. Die Qualit\u00e4t der Entscheidung f\u00fcr ein Produkt steigt deswegen deutlich. [\/vc_column_text][\/vc_column][vc_column width=&#8221;1\/3&#8243;][\/vc_column][\/vc_row][vc_row][vc_column][vc_empty_space][\/vc_column][\/vc_row][vc_row type=&#8221;vc_default&#8221; full_width=&#8221;stretch_row&#8221; content_placement=&#8221;middle&#8221; bg_type=&#8221;bg_color&#8221; bg_color_value=&#8221;#557cc1&#8243; el_id=&#8221;contact&#8221; css=&#8221;.vc_custom_1542908216891{background-color: #557cc1 !important;}&#8221;][vc_column width=&#8221;1\/3&#8243;][vc_single_image image=&#8221;615&#8243; img_size=&#8221;200&#215;200&#8243; alignment=&#8221;center&#8221; css_animation=&#8221;fadeIn&#8221; image_hovers=&#8221;false&#8221;][vc_column_text]<\/p>\n<h3 style=\"text-align: center;\"><span style=\"color: #ffffff;\">+49 221 34 06 236<\/span><\/h3>\n<p>[\/vc_column_text][\/vc_column][vc_column width=&#8221;2\/3&#8243;][vc_custom_heading text=&#8221;Schreiben Sie uns!&#8221; font_container=&#8221;tag:h2|text_align:left|color:%23ffffff&#8221; use_theme_fonts=&#8221;yes&#8221;][vc_column_text]<span style=\"color: #ffffff;\">Sprechen Sie mit einem unserer Experten und erhalten Sie eine kostenlose Beratung.<\/span>[\/vc_column_text][vc_empty_space]<form class=\"contact-form dt-form\" action=\"\/\" method=\"post\">\n<input type=\"hidden\" name=\"widget_id\" value=\"presscore-contact-form-widget--1\" \/><input type=\"hidden\" name=\"send_message\" value=\"\" \/><div class=\"form-fields\"><span class=\"form-name\"><label class=\"assistive-text\">Name *<\/label><input type=\"text\" class=\"validate[required]\" placeholder=\"Name *\" name=\"name\" value=\"\" aria-required=\"true\">\n<\/span><span class=\"form-mail\"><label class=\"assistive-text\">E-mail *<\/label><input type=\"text\" class=\"validate[required,custom[email]]\" placeholder=\"E-mail *\" name=\"email\" value=\"\" aria-required=\"true\">\n<\/span><span class=\"form-telephone\"><label class=\"assistive-text\">Telephone<\/label><input type=\"text\" placeholder=\"Telephone\" name=\"telephone\" value=\"\" aria-required=\"false\">\n<\/span><span class=\"form-company\"><label class=\"assistive-text\">Company<\/label><input type=\"text\" placeholder=\"Company\" name=\"company\" value=\"\" aria-required=\"false\">\n<\/span><\/div><span class=\"form-message\"><label class=\"assistive-text\">Message *<\/label><textarea class=\"validate[required]\" placeholder=\"Message *\" name=\"message\" rows=\"6\" aria-required=\"true\"><\/textarea>\n<\/span><p><a href=\"#\" class=\"dt-btn dt-btn-l dt-btn-submit\" rel=\"nofollow\"><span>Nachricht senden<\/span><\/a><a href=\"#\" class=\"clear-form\" rel=\"nofollow\">clear<\/a><input class=\"assistive-text\" type=\"submit\" value=\"submit\"><\/p><\/form>\n[vc_empty_space][\/vc_column][\/vc_row]<\/p>\n","protected":false},"excerpt":{"rendered":"<p>[vc_row margin_bottom=&#8221;0&#8243; full_width_row=&#8221;true&#8221; css=&#8221;.vc_custom_1465388380344{margin-bottom: 0px !important;}&#8221;][vc_column][rev_slider_vc alias=&#8221;home&#8221; el_class=&#8221;nomargin&#8221;][\/vc_column][\/vc_row][vc_row type=&#8221;vc_default&#8221; full_width=&#8221;stretch_row&#8221; bg_type=&#8221;bg_color&#8221; bg_color_value=&#8221;#f4f4f4&#8243; css=&#8221;.vc_custom_1542907966647{margin-top: 0px !important;border-top-width: 0px !important;padding-top: 0px !important;background-color: #f4f4f4 !important;}&#8221;][vc_column][vc_custom_heading text=&#8221;So funktioniert Ticunia&#8221; font_container=&#8221;tag:h2|font_size:30|text_align:center&#8221; use_theme_fonts=&#8221;yes&#8221;][\/vc_column][\/vc_row][vc_row type=&#8221;vc_default&#8221; full_width=&#8221;stretch_row&#8221; bg_type=&#8221;bg_color&#8221; bg_color_value=&#8221;#f4f4f4&#8243; css=&#8221;.vc_custom_1542907978067{background-color: #f4f4f4 !important;}&#8221;][vc_column width=&#8221;1\/4&#8243;][vc_icon icon_fontawesome=&#8221;fa fa-search&#8221; color=&#8221;custom&#8221; size=&#8221;lg&#8221; align=&#8221;center&#8221; custom_color=&#8221;#e74c3c&#8221;][vc_custom_heading text=&#8221;Finden &amp; Entscheiden&#8221; font_container=&#8221;tag:h2|font_size:20|text_align:center&#8221; use_theme_fonts=&#8221;yes&#8221;][vc_column_text] Schnell wie nie zuvor: Das Finden Ihrer Produkte. Exakt und&hellip;<\/p>\n","protected":false},"author":1,"featured_media":0,"parent":0,"menu_order":0,"comment_status":"closed","ping_status":"closed","template":"","meta":[],"_links":{"self":[{"href":"https:\/\/ticunia.com\/de\/wp-json\/wp\/v2\/pages\/249"}],"collection":[{"href":"https:\/\/ticunia.com\/de\/wp-json\/wp\/v2\/pages"}],"about":[{"href":"https:\/\/ticunia.com\/de\/wp-json\/wp\/v2\/types\/page"}],"author":[{"embeddable":true,"href":"https:\/\/ticunia.com\/de\/wp-json\/wp\/v2\/users\/1"}],"replies":[{"embeddable":true,"href":"https:\/\/ticunia.com\/de\/wp-json\/wp\/v2\/comments?post=249"}],"version-history":[{"count":11,"href":"https:\/\/ticunia.com\/de\/wp-json\/wp\/v2\/pages\/249\/revisions"}],"predecessor-version":[{"id":787,"href":"https:\/\/ticunia.com\/de\/wp-json\/wp\/v2\/pages\/249\/revisions\/787"}],"wp:attachment":[{"href":"https:\/\/ticunia.com\/de\/wp-json\/wp\/v2\/media?parent=249"}],"curies":[{"name":"wp","href":"https:\/\/api.w.org\/{rel}","templated":true}]}}