{"id":215,"date":"2016-08-16T15:04:50","date_gmt":"2016-08-16T15:04:50","guid":{"rendered":"http:\/\/ticunia.com\/de\/?page_id=215"},"modified":"2024-11-22T16:08:23","modified_gmt":"2024-11-22T16:08:23","slug":"impressum","status":"publish","type":"page","link":"https:\/\/ticunia.com\/de\/impressum\/","title":{"rendered":"Impressum"},"content":{"rendered":"<p>[vc_row type=&#8221;vc_default&#8221; full_width=&#8221;stretch_row&#8221; bg_type=&#8221;image&#8221; parallax_style=&#8221;vcpb-default&#8221; bg_image_new=&#8221;id^125|url^http:\/\/ticunia.com\/wp-content\/uploads\/2016\/06\/ticunia_logo_about_us.jpg|caption^null|alt^null|title^ticunia_logo_about_us|description^null&#8221;][vc_column width=&#8221;2\/3&#8243;][vc_custom_heading text=&#8221;Impressum&#8221; use_theme_fonts=&#8221;yes&#8221;][vc_column_text]<\/p>\n<h3>Ticunia<\/h3>\n<p>Usadel GmbH<br \/>\nFuggerstra\u00dfe 21-23<br \/>\n51149 K\u00f6ln<\/p>\n<p>T + 49 (0) 221 34 06 23 6<br \/>\nF + 49 (0) 221 9139578-1<\/p>\n<p>info@ticunia.com<br \/>\nwww.ticunia.com<\/p>\n<p>&nbsp;<\/p>\n<p>Sitz der Gesellschaft: K\u00f6ln<br \/>\nGesch\u00e4ftsf\u00fchrer: Jan Usadel, Dipl. Kfm.<br \/>\nAmtsgericht K\u00f6ln \/ HRB: 66255<\/p>\n<p>&nbsp;<\/p>\n<p>Ticunia ist eine eingetragene Marke Nr. 30 2016 106 232 der Usadel GmbH.[\/vc_column_text][\/vc_column][vc_column width=&#8221;1\/3&#8243;][\/vc_column][\/vc_row]<\/p>\n","protected":false},"excerpt":{"rendered":"<p>[vc_row type=&#8221;vc_default&#8221; full_width=&#8221;stretch_row&#8221; bg_type=&#8221;image&#8221; parallax_style=&#8221;vcpb-default&#8221; bg_image_new=&#8221;id^125|url^http:\/\/ticunia.com\/wp-content\/uploads\/2016\/06\/ticunia_logo_about_us.jpg|caption^null|alt^null|title^ticunia_logo_about_us|description^null&#8221;][vc_column width=&#8221;2\/3&#8243;][vc_custom_heading text=&#8221;Impressum&#8221; use_theme_fonts=&#8221;yes&#8221;][vc_column_text] Ticunia Usadel GmbH Fuggerstra\u00dfe 21-23 51149 K\u00f6ln T + 49 (0) 221 34 06 23 6 F + 49 (0) 221 9139578-1 info@ticunia.com www.ticunia.com &nbsp; Sitz der Gesellschaft: K\u00f6ln Gesch\u00e4ftsf\u00fchrer: Jan Usadel, Dipl. Kfm. Amtsgericht K\u00f6ln \/ HRB: 66255 &nbsp; Ticunia ist eine eingetragene Marke Nr.&hellip;<\/p>\n","protected":false},"author":1,"featured_media":0,"parent":0,"menu_order":0,"comment_status":"closed","ping_status":"closed","template":"","meta":[],"_links":{"self":[{"href":"https:\/\/ticunia.com\/de\/wp-json\/wp\/v2\/pages\/215"}],"collection":[{"href":"https:\/\/ticunia.com\/de\/wp-json\/wp\/v2\/pages"}],"about":[{"href":"https:\/\/ticunia.com\/de\/wp-json\/wp\/v2\/types\/page"}],"author":[{"embeddable":true,"href":"https:\/\/ticunia.com\/de\/wp-json\/wp\/v2\/users\/1"}],"replies":[{"embeddable":true,"href":"https:\/\/ticunia.com\/de\/wp-json\/wp\/v2\/comments?post=215"}],"version-history":[{"count":9,"href":"https:\/\/ticunia.com\/de\/wp-json\/wp\/v2\/pages\/215\/revisions"}],"predecessor-version":[{"id":1891,"href":"https:\/\/ticunia.com\/de\/wp-json\/wp\/v2\/pages\/215\/revisions\/1891"}],"wp:attachment":[{"href":"https:\/\/ticunia.com\/de\/wp-json\/wp\/v2\/media?parent=215"}],"curies":[{"name":"wp","href":"https:\/\/api.w.org\/{rel}","templated":true}]}}