{"id":1674,"date":"2020-04-02T08:17:07","date_gmt":"2020-04-02T08:17:07","guid":{"rendered":"https:\/\/ticunia.com\/?page_id=1674"},"modified":"2020-05-12T14:05:37","modified_gmt":"2020-05-12T14:05:37","slug":"health","status":"publish","type":"page","link":"https:\/\/ticunia.com\/de\/health\/","title":{"rendered":"Health"},"content":{"rendered":"<p>[vc_row margin_top=&#8221;-50px&#8221; margin_bottom=&#8221;0&#8243; full_width_row=&#8221;true&#8221; css=&#8221;.vc_custom_1506953235692{margin-bottom: 0px !important;}&#8221;][vc_column width=&#8221;2\/3&#8243;][vc_raw_html]JTNDdmlkZW8lMjB3aWR0aCUzRCUyMmF1dG8lMjIlMjBoZWlnaHQlM0QlMjJhdXRvJTIyJTIwcGxheXNpbmxpbmUlMjBhdXRvcGxheSUyMG11dGVkJTIwbG9vcCUyMHBvc3RlciUzRCUyMiUyMyUyMiUyMGlkJTNEJTIyYmd2aWQlMjIlM0UlMEElMjAlMjAlMjAlMjAlMEElMjAlMjAlMjAlMjAlM0Nzb3VyY2UlMjBzcmMlM0QlMjJodHRwcyUzQSUyRiUyRnRpY3VuaWEuY29tJTJGd3AtY29udGVudCUyRnVwbG9hZHMlMkYyMDIwJTJGMDQlMkZ0aWN1bmlhX2Nvcm9uYV93ZWIubXA0JTIyJTNFJTBBJTNDJTJGdmlkZW8lM0U=[\/vc_raw_html][\/vc_column][vc_column width=&#8221;1\/3&#8243; css=&#8221;.vc_custom_1506953498846{margin-top: 35% !important;}&#8221;][vc_custom_heading text=&#8221;COVID-19 SOLUTIONS&#8221; use_theme_fonts=&#8221;yes&#8221;][vc_column_text]Viren kennen keine Grenzen.<\/p>\n<p>Genau wie Ticunia.<\/p>\n<p>Die Frage: \u201eWo ist ein Risiko?\u201c ist falsch gestellt.<\/p>\n<p>Entscheidend ist: \u201eWie weit ist das Risiko zeitlich von mir entfernt\u201c.<\/p>\n<p>Die Antwort liefert Ticunia\u00ae Time Technology\u00ae.<\/p>\n<p>Denn Zeit kennt keine Grenzen.[\/vc_column_text][\/vc_column][\/vc_row][vc_row][vc_column][vc_empty_space height=&#8221;64px&#8221;][\/vc_column][\/vc_row][vc_row][vc_column width=&#8221;1\/2&#8243;][vc_empty_space][vc_custom_heading text=&#8221;AUS METERN WIRD ZEIT&#8221; use_theme_fonts=&#8221;yes&#8221;][vc_column_text]Viren kaufen kein Zugticket. Aber Viren reisen mit den Menschen, die eines gekauft haben. Auf Situationskarten wird versucht, das Risiko sichtbar zu machen. Aber das Dashboard ist solange unvollst\u00e4ndig, bis es nicht das Wesentliche erfasst: Die ZEIT.<\/p>\n<p>Zwischen K\u00f6ln und Frankfurt liegen knapp 300 Kilometer. Der ICE zum Flughafen Frankfurt braucht aber nur 47 Minuten. Damit r\u00fcckt ein potenzielles Risiko des Frankfurter Flughafens direkt ins Zentrum von K\u00f6ln. Dies ist der Einfluss des Faktors Zeit.[\/vc_column_text][\/vc_column][vc_column width=&#8221;1\/2&#8243;][vc_empty_space][vc_single_image image=&#8221;1684&#8243; img_size=&#8221;full&#8221; alignment=&#8221;right&#8221; image_hovers=&#8221;false&#8221; lazy_loading=&#8221;true&#8221;][\/vc_column][\/vc_row][vc_row][vc_column][vc_empty_space height=&#8221;64px&#8221;][\/vc_column][\/vc_row][vc_row type=&#8221;vc_default&#8221; full_width=&#8221;stretch_row&#8221; bg_type=&#8221;bg_color&#8221; bg_color_value=&#8221;#f4f4f4&#8243; css=&#8221;.vc_custom_1542906558759{background-color: #f4f4f4 !important;}&#8221;][vc_column width=&#8221;1\/2&#8243;][vc_empty_space][vc_single_image image=&#8221;1181&#8243; img_size=&#8221;full&#8221; image_hovers=&#8221;false&#8221; lazy_loading=&#8221;true&#8221;][\/vc_column][vc_column width=&#8221;1\/2&#8243;][vc_empty_space][vc_custom_heading text=&#8221;TICUNIA = ZIELE + ZEIT + DATA&#8221; use_theme_fonts=&#8221;yes&#8221;][vc_column_text]Wir stellen den Menschen \u2013 jeden einzelnen Menschen mit seinem gegenw\u00e4rtigen Standort &#8211; in den Mittelpunkt und verwandeln klassische, statische Karten in individuelle, relative und simultane Zeitkarten. Dies funktioniert dynamisch durch Nutzung aktueller Daten, die die zeitliche Erreichbarkeit der Ziele determinieren.[\/vc_column_text][\/vc_column][\/vc_row][vc_row][vc_column][vc_empty_space height=&#8221;64px&#8221;][\/vc_column][\/vc_row][vc_row][\/vc_row][vc_row][vc_column width=&#8221;1\/2&#8243;][vc_empty_space][vc_custom_heading text=&#8221;RISIKO MONITORING&#8221; use_theme_fonts=&#8221;yes&#8221;][vc_column_text]Das individuelle Risiko ist relativ. Das Verh\u00e4ltnis von Risikotr\u00e4ger und Rezipient wird durch verschiedene Einflussfaktoren determiniert wie die Verortung, die zeitliche N\u00e4he, die Bewegungsintensit\u00e4t, Bewegungsdichte. Das Ergebnis ist jedoch niemals statisch, sondern \u00e4ndert sich fortlaufend durch unsere r\u00e4umlichen Bewegungen und die Zeit und Geschwindigkeit, mit der wir uns bewegen. Die Ticunia-L\u00f6sung hierf\u00fcr sind zeitdynamische, relative Situationskarten, welche das relative, individuelle Risiko ebenso dynamisch abbilden.[\/vc_column_text][\/vc_column][vc_column width=&#8221;1\/2&#8243;][vc_empty_space][vc_single_image image=&#8221;1690&#8243; img_size=&#8221;full&#8221;][\/vc_column][\/vc_row][vc_row][vc_column][vc_empty_space height=&#8221;64px&#8221;][\/vc_column][\/vc_row][vc_row][\/vc_row][vc_row type=&#8221;vc_default&#8221; full_width=&#8221;stretch_row&#8221; bg_type=&#8221;bg_color&#8221; bg_color_value=&#8221;#f4f4f4&#8243; css=&#8221;.vc_custom_1542906558759{background-color: #f4f4f4 !important;}&#8221;][vc_column width=&#8221;1\/2&#8243;][vc_empty_space][vc_single_image image=&#8221;1691&#8243; img_size=&#8221;full&#8221; image_hovers=&#8221;false&#8221; lazy_loading=&#8221;true&#8221;][\/vc_column][vc_column width=&#8221;1\/2&#8243;][vc_empty_space][vc_custom_heading text=&#8221;EXPONENTIALPROBLEM&#8221; use_theme_fonts=&#8221;yes&#8221;][vc_column_text]Wie w\u00fcrde man die zeitliche Komponente ohne Time Technology\u00ae erfassen?<\/p>\n<p>Hierzu m\u00fcsste von einem individuellen Standort aus die Zeit zu allen Risikopunkten einzeln ermittelt werden. Bei zwei bis zehn Punkten ist das kein Problem. Danach jedoch steigt er Aufwand exponentiell an. Denn man muss jeden neuen Zeitrisikopunkt mit allen bereits erfassten Punkten vergleichen. Bereits bei 100 Punkten ist dies unm\u00f6glich. Dies ist ein typisches Exponentialproblem.[\/vc_column_text][\/vc_column][\/vc_row][vc_row][vc_column][vc_empty_space height=&#8221;64px&#8221;][\/vc_column][\/vc_row][vc_row][vc_column width=&#8221;1\/2&#8243;][vc_empty_space height=&#8221;64px&#8221;][vc_empty_space][vc_custom_heading text=&#8221;AUF EINEN BLICK&#8221; use_theme_fonts=&#8221;yes&#8221;][vc_column_text]Ticunia\u00ae zeigt das Risiko, man erfasst es mit einem Blick. Die Entfernung wird nicht wie auf klassischen Karten in Metern dargestellt, sondern in Zeit. Die zeitliche Entfernung ist der Ma\u00dfstab, auf den es ankommt.[\/vc_column_text][vc_empty_space][\/vc_column][vc_column width=&#8221;1\/2&#8243;][vc_empty_space][vc_single_image image=&#8221;1693&#8243; img_size=&#8221;full&#8221;][vc_empty_space][\/vc_column][\/vc_row][vc_row][vc_column][vc_empty_space height=&#8221;64px&#8221;][\/vc_column][\/vc_row][vc_row type=&#8221;vc_default&#8221; full_width=&#8221;stretch_row_content_no_spaces&#8221; content_placement=&#8221;middle&#8221; parallax=&#8221;content-moving&#8221; parallax_image=&#8221;707&#8243; parallax_speed_bg=&#8221;1.3&#8243;][vc_column width=&#8221;1\/2&#8243;][vc_empty_space height=&#8221;500px&#8221;][\/vc_column][vc_column width=&#8221;1\/2&#8243;][vc_custom_heading text=&#8221;DIE ZUKUNFT DER KARTEN IST ZEIT&#8221; font_container=&#8221;tag:h2|text_align:center|color:%23ffffff&#8221; use_theme_fonts=&#8221;yes&#8221;][\/vc_column][\/vc_row][vc_row type=&#8221;vc_default&#8221; full_width=&#8221;stretch_row&#8221; bg_type=&#8221;bg_color&#8221; bg_color_value=&#8221;#f4f4f4&#8243; css=&#8221;.vc_custom_1542906577539{background-color: #f4f4f4 !important;}&#8221;][vc_column width=&#8221;1\/2&#8243;][vc_empty_space][vc_single_image image=&#8221;1695&#8243; img_size=&#8221;full&#8221;][vc_empty_space][\/vc_column][vc_column width=&#8221;1\/2&#8243;][vc_empty_space][vc_custom_heading text=&#8221;COVID-19 SOLUTIONS&#8221; use_theme_fonts=&#8221;yes&#8221;][vc_column_text]Ticunia bietet hochinnovative L\u00f6sungen f\u00fcr drei Bereiche:<\/p>\n<ul>\n<li>Risiko-Tracking<\/li>\n<li>Cluster-Monitoring<\/li>\n<li>Replaning<\/li>\n<\/ul>\n<p>[\/vc_column_text][vc_empty_space][\/vc_column][\/vc_row][vc_row][vc_column][vc_empty_space height=&#8221;64px&#8221;][\/vc_column][\/vc_row][vc_row][vc_column width=&#8221;1\/2&#8243;][vc_empty_space][vc_custom_heading text=&#8221;SPEKTRUM&#8221; use_theme_fonts=&#8221;yes&#8221;][vc_column_text]Das L\u00f6sungspektrum f\u00fcr die aktuelle Corona-Krise richtet sich an Regierungen und Unternehmen.[\/vc_column_text][vc_btn title=&#8221;Log-In Bereich&#8221; color=&#8221;sky&#8221; link=&#8221;url:https%3A%2F%2Fticunia.com%2Fcovid%2F||&#8221;][vc_empty_space][\/vc_column][vc_column width=&#8221;1\/2&#8243;][vc_empty_space][vc_single_image image=&#8221;1697&#8243; img_size=&#8221;full&#8221;][vc_empty_space][\/vc_column][\/vc_row][vc_row type=&#8221;vc_default&#8221; full_width=&#8221;stretch_row&#8221; css=&#8221;.vc_custom_1546625924788{background-color: #f4f4f4 !important;}&#8221;][vc_column][vc_empty_space height=&#8221;64px&#8221;][vc_row_inner content_placement=&#8221;middle&#8221;][vc_column_inner width=&#8221;1\/4&#8243;][vc_icon type=&#8221;openiconic&#8221; icon_openiconic=&#8221;vc-oi vc-oi-ok&#8221; color=&#8221;custom&#8221; size=&#8221;lg&#8221; align=&#8221;right&#8221; css_animation=&#8221;appear&#8221; custom_color=&#8221;#557cc1&#8243;][\/vc_column_inner][vc_column_inner width=&#8221;3\/4&#8243;][vc_column_text]<\/p>\n<h3 style=\"font-weight: normal; text-align: left;\">Patent Pending: USA, Japan, EU, China, S\u00fcdkorea, Kanada, Australien<strong><br \/>\n<\/strong><\/h3>\n<p>[\/vc_column_text][\/vc_column_inner][\/vc_row_inner][vc_empty_space height=&#8221;64px&#8221;][\/vc_column][\/vc_row][vc_row][vc_column][vc_raw_html]JTNDdmlkZW8lMjB3aWR0aCUzRCUyMmF1dG8lMjIlMjBoZWlnaHQlM0QlMjJhdXRvJTIyJTIwcGxheXNpbmxpbmUlMjBhdXRvcGxheSUyMG11dGVkJTIwbG9vcCUyMHBvc3RlciUzRCUyMiUyMyUyMiUyMGlkJTNEJTIyYmd2aWQlMjIlM0UlMEElMjAlMjAlMjAlMjAlMEElMjAlMjAlMjAlMjAlM0Nzb3VyY2UlMjBzcmMlM0QlMjJodHRwcyUzQSUyRiUyRnRpY3VuaWEuY29tJTJGd3AtY29udGVudCUyRnVwbG9hZHMlMkYyMDIwJTJGMDQlMkZ0aWN1bmlhX0dsb2JhbF9sb29wX3dlYi5tcDQlMjIlM0UlMEElM0MlMkZ2aWRlbyUzRQ==[\/vc_raw_html][\/vc_column][\/vc_row][vc_row type=&#8221;vc_default&#8221; full_width=&#8221;stretch_row&#8221; bg_type=&#8221;bg_color&#8221; bg_color_value=&#8221;#f4f4f4&#8243; css=&#8221;.vc_custom_1585829258040{background-color: #f4f4f4 !important;}&#8221;][vc_column width=&#8221;1\/2&#8243;][vc_empty_space][vc_single_image image=&#8221;330&#8243; img_size=&#8221;full&#8221;][\/vc_column][vc_column width=&#8221;1\/2&#8243;][vc_empty_space][vc_custom_heading text=&#8221;VISION &amp; MISSION &#8211; DIE ZUKUNFT DER KARTEN &#8221; use_theme_fonts=&#8221;yes&#8221;][vc_column_text]10 km auf einer Karte k\u00f6nnen 4 Minuten Reisezeit ben\u00f6tigen. Oder 60 Minuten.<\/p>\n<p>Verkehrsmittel haben sich ge\u00e4ndert. Geschwindigkeiten haben sich ge\u00e4ndert. Alles hat sich ge\u00e4ndert. Au\u00dfer unsere Karten. Sie sind die gleichen wie vor Erfindung der Dampfmaschine.<\/p>\n<p>Und genau das \u00e4ndert Ticunia jetzt. Ein Ziel, was doppelt so weit entfernt liegt, ben\u00f6tigt auch die doppelte Zeit. Das ist die Erfindung der Zukunft der Karten.[\/vc_column_text][\/vc_column][\/vc_row][vc_row][vc_column][vc_empty_space height=&#8221;64px&#8221;][\/vc_column][\/vc_row][vc_row][vc_column width=&#8221;1\/2&#8243;][vc_empty_space][vc_custom_heading text=&#8221;RADIKAL RELATIV&#8221; use_theme_fonts=&#8221;yes&#8221;][vc_column_text]Bis jetzt: Ein Autor zeichnet eine Karte \u2013 Millionen Menschen nutzen diese Karte.<\/p>\n<p>Ab jetzt: Ticunia. Wir entlassen den einen Autor. Stattdessen wird jeder einzelne Mensch automatisch selbst zum Mittelpunkt seiner eigenen Karte. Die Karte dient ihm, sie folgt ihm, gestaltet sich um ihn herum. Simultan, dynamisch, individuell und ma\u00dfgeschneidert.<\/p>\n<p>Dies wirkt ungewohnt. Aber es ist kein Problem. Sondern die L\u00f6sung. Denn Wahrnehmung ist relativ. Und auf die richtige Wahrnehmung kommt es jetzt an. Es geht um die Frage: Wie erkenne ich auf einen einzigen Blick ein potenzielles Risiko, wie weit ist es tats\u00e4chlich von mir entfernt.[\/vc_column_text][\/vc_column][vc_column width=&#8221;1\/2&#8243;][vc_empty_space][vc_single_image image=&#8221;331&#8243; img_size=&#8221;full&#8221;][\/vc_column][\/vc_row][vc_row][vc_column][vc_empty_space][\/vc_column][\/vc_row][vc_row type=&#8221;vc_default&#8221; full_width=&#8221;stretch_row&#8221; content_placement=&#8221;middle&#8221; el_id=&#8221;contact&#8221; css=&#8221;.vc_custom_1543842269328{background-color: #557cc1 !important;}&#8221;][vc_column width=&#8221;1\/3&#8243;][vc_single_image image=&#8221;1048&#8243; img_size=&#8221;full&#8221; image_hovers=&#8221;false&#8221;][\/vc_column][vc_column width=&#8221;2\/3&#8243;][vc_custom_heading text=&#8221;IHR KONTAKT ZU UNS&#8221; font_container=&#8221;tag:h2|text_align:left|color:%23ffffff&#8221; use_theme_fonts=&#8221;yes&#8221;][vc_custom_heading text=&#8221;Senden Sie uns jetzt eine Nachricht.<br \/>\nUnsere Experten sind f\u00fcr Sie da. &#8221; font_container=&#8221;tag:h2|font_size:20|text_align:left|color:%23ffffff&#8221; use_theme_fonts=&#8221;yes&#8221;]<div role=\"form\" class=\"wpcf7\" id=\"wpcf7-f1053-o1\" lang=\"en-US\" dir=\"ltr\">\n<div class=\"screen-reader-response\" aria-live=\"polite\"><\/div>\n<form action=\"\/de\/wp-json\/wp\/v2\/pages\/1674#wpcf7-f1053-o1\" method=\"post\" class=\"wpcf7-form\" novalidate=\"novalidate\">\n<div style=\"display: none;\">\n<input type=\"hidden\" name=\"_wpcf7\" value=\"1053\" \/>\n<input type=\"hidden\" name=\"_wpcf7_version\" value=\"5.1.9\" \/>\n<input type=\"hidden\" name=\"_wpcf7_locale\" value=\"en_US\" \/>\n<input type=\"hidden\" name=\"_wpcf7_unit_tag\" value=\"wpcf7-f1053-o1\" \/>\n<input type=\"hidden\" name=\"_wpcf7_container_post\" value=\"0\" \/>\n<\/div>\n<p><label><br \/>\n    <span class=\"wpcf7-form-control-wrap your-name\"><input type=\"text\" name=\"your-name\" value=\"Name (required)\" size=\"40\" class=\"wpcf7-form-control wpcf7-text wpcf7-validates-as-required\" aria-required=\"true\" aria-invalid=\"false\" \/><\/span> <\/label><\/p>\n<p><label><br \/>\n    <span class=\"wpcf7-form-control-wrap your-email\"><input type=\"email\" name=\"your-email\" value=\"Email (required)\" size=\"40\" class=\"wpcf7-form-control wpcf7-text wpcf7-email wpcf7-validates-as-required wpcf7-validates-as-email\" aria-required=\"true\" aria-invalid=\"false\" \/><\/span> <\/label><\/p>\n<p><label><br \/>\n    <span class=\"wpcf7-form-control-wrap your-subject\"><input type=\"text\" name=\"your-subject\" value=\"Subject\" size=\"40\" class=\"wpcf7-form-control wpcf7-text\" aria-invalid=\"false\" \/><\/span> <\/label><\/p>\n<p><label><br \/>\n    <span class=\"wpcf7-form-control-wrap your-message\"><textarea name=\"your-message\" cols=\"40\" rows=\"10\" class=\"wpcf7-form-control wpcf7-textarea\" aria-invalid=\"false\">Message<\/textarea><\/span> <\/label><\/p>\n<p><input type=\"submit\" value=\"Send message\" class=\"wpcf7-form-control wpcf7-submit\" \/><\/p>\n<div class=\"wpcf7-response-output wpcf7-display-none\" aria-hidden=\"true\"><\/div><\/form><\/div>[vc_empty_space][\/vc_column][\/vc_row]<\/p>\n","protected":false},"excerpt":{"rendered":"<p>[vc_row margin_top=&#8221;-50px&#8221; margin_bottom=&#8221;0&#8243; full_width_row=&#8221;true&#8221; css=&#8221;.vc_custom_1506953235692{margin-bottom: 0px !important;}&#8221;][vc_column width=&#8221;2\/3&#8243;][vc_raw_html]JTNDdmlkZW8lMjB3aWR0aCUzRCUyMmF1dG8lMjIlMjBoZWlnaHQlM0QlMjJhdXRvJTIyJTIwcGxheXNpbmxpbmUlMjBhdXRvcGxheSUyMG11dGVkJTIwbG9vcCUyMHBvc3RlciUzRCUyMiUyMyUyMiUyMGlkJTNEJTIyYmd2aWQlMjIlM0UlMEElMjAlMjAlMjAlMjAlMEElMjAlMjAlMjAlMjAlM0Nzb3VyY2UlMjBzcmMlM0QlMjJodHRwcyUzQSUyRiUyRnRpY3VuaWEuY29tJTJGd3AtY29udGVudCUyRnVwbG9hZHMlMkYyMDIwJTJGMDQlMkZ0aWN1bmlhX2Nvcm9uYV93ZWIubXA0JTIyJTNFJTBBJTNDJTJGdmlkZW8lM0U=[\/vc_raw_html][\/vc_column][vc_column width=&#8221;1\/3&#8243; css=&#8221;.vc_custom_1506953498846{margin-top: 35% !important;}&#8221;][vc_custom_heading text=&#8221;COVID-19 SOLUTIONS&#8221; use_theme_fonts=&#8221;yes&#8221;][vc_column_text]Viren kennen keine Grenzen. Genau wie Ticunia. Die Frage: \u201eWo ist ein Risiko?\u201c ist falsch gestellt. Entscheidend ist: \u201eWie weit ist das Risiko zeitlich von mir entfernt\u201c. Die Antwort liefert Ticunia\u00ae Time Technology\u00ae. Denn Zeit kennt keine Grenzen.[\/vc_column_text][\/vc_column][\/vc_row][vc_row][vc_column][vc_empty_space height=&#8221;64px&#8221;][\/vc_column][\/vc_row][vc_row][vc_column width=&#8221;1\/2&#8243;][vc_empty_space][vc_custom_heading text=&#8221;AUS&hellip;<\/p>\n","protected":false},"author":4,"featured_media":0,"parent":0,"menu_order":0,"comment_status":"closed","ping_status":"closed","template":"","meta":[],"_links":{"self":[{"href":"https:\/\/ticunia.com\/de\/wp-json\/wp\/v2\/pages\/1674"}],"collection":[{"href":"https:\/\/ticunia.com\/de\/wp-json\/wp\/v2\/pages"}],"about":[{"href":"https:\/\/ticunia.com\/de\/wp-json\/wp\/v2\/types\/page"}],"author":[{"embeddable":true,"href":"https:\/\/ticunia.com\/de\/wp-json\/wp\/v2\/users\/4"}],"replies":[{"embeddable":true,"href":"https:\/\/ticunia.com\/de\/wp-json\/wp\/v2\/comments?post=1674"}],"version-history":[{"count":11,"href":"https:\/\/ticunia.com\/de\/wp-json\/wp\/v2\/pages\/1674\/revisions"}],"predecessor-version":[{"id":1834,"href":"https:\/\/ticunia.com\/de\/wp-json\/wp\/v2\/pages\/1674\/revisions\/1834"}],"wp:attachment":[{"href":"https:\/\/ticunia.com\/de\/wp-json\/wp\/v2\/media?parent=1674"}],"curies":[{"name":"wp","href":"https:\/\/api.w.org\/{rel}","templated":true}]}}