{"id":1391,"date":"2018-12-03T17:45:48","date_gmt":"2018-12-03T17:45:48","guid":{"rendered":"https:\/\/ticunia.com\/de\/?page_id=1391"},"modified":"2019-02-08T13:13:26","modified_gmt":"2019-02-08T13:13:26","slug":"jobs","status":"publish","type":"page","link":"https:\/\/ticunia.com\/de\/anwendungsbereiche\/jobs\/","title":{"rendered":"Jobs"},"content":{"rendered":"<p>[vc_row type=&#8221;vc_default&#8221; full_width=&#8221;stretch_row_content&#8221; content_placement=&#8221;middle&#8221;][vc_column width=&#8221;1\/12&#8243;][\/vc_column][vc_column width=&#8221;1\/4&#8243;][vc_custom_heading text=&#8221;JOB SEARCH SOLUTIONS &#8221; use_theme_fonts=&#8221;yes&#8221;][vc_column_text]Zu jedem Job geh\u00f6rt der Weg zum Job. Und der hat es in sich, denn er kostet Zeit und Geld. Tag f\u00fcr Tag und Jahr f\u00fcr Jahr.<\/p>\n<p>Die Jobsuche mit Ticunia stellt den Menschen und seinen Wohnort in den Mittelpunkt. Ticunia ber\u00fccksichtigt seine Wege, seine Ziele und seine Verkehrsmittel. Nur so findet der User Jobangebote, die wirklich zu ihm passen.[\/vc_column_text][\/vc_column][vc_column width=&#8221;7\/12&#8243;][rev_slider_vc alias=&#8221;jobs_video&#8221;][\/vc_column][vc_column width=&#8221;1\/12&#8243;][\/vc_column][\/vc_row][vc_row type=&#8221;vc_default&#8221; full_width=&#8221;stretch_row&#8221; css=&#8221;.vc_custom_1543494059820{background-color: #f8f9fb !important;}&#8221;][vc_column][vc_empty_space][vc_column_text]<\/p>\n<h2 style=\"font-weight: normal; text-align: center;\">JOBSUCHE MIT <strong>TIME TECHNOLOGY<\/strong><\/h2>\n<p>[\/vc_column_text][vc_empty_space][\/vc_column][\/vc_row][vc_row type=&#8221;vc_default&#8221; full_width=&#8221;stretch_row_content&#8221; equal_height=&#8221;yes&#8221; content_placement=&#8221;middle&#8221;][vc_column width=&#8221;1\/12&#8243;][\/vc_column][vc_column width=&#8221;1\/3&#8243;][vc_empty_space][vc_custom_heading text=&#8221;JOB SEARCH&#8221; use_theme_fonts=&#8221;yes&#8221;][vc_column_text]<\/p>\n<div class=\"wpb_text_column wpb_content_element \">\n<div class=\"wpb_wrapper\">\n<p>Im 100 km-Umkreis von K\u00f6ln gibt es 1900 Jobs im Vertrieb. Selbst wenn man es schaffen w\u00fcrde, alle Jobs in der Liste zu vergleichen, trifft man garantiert eine falsche Entscheidung. Denn der 100 km-Umkreis sagt gar nichts aus \u00fcber die zeitliche Erreichbarkeit der Arbeitspl\u00e4tze.<\/p>\n<p>Mit Ticunia sehen Sie nicht nur alle passenden Jobs auf einen Blick, sondern erkennen auch sofort ihre zeitliche Entfernung. Das spart Zeit bei der Jobsuche und vor allem: Es spart t\u00e4glich Zeit und Geld auf dem Weg zum Arbeitsplatz.<\/p><\/div>\n<\/div>\n<p>[\/vc_column_text][vc_row_inner][vc_column_inner width=&#8221;1\/2&#8243;][vc_icon type=&#8221;openiconic&#8221; icon_openiconic=&#8221;vc-oi vc-oi-heart-empty&#8221; color=&#8221;custom&#8221; custom_color=&#8221;#557cc1&#8243; css=&#8221;.vc_custom_1549388365779{margin-bottom: 0px !important;}&#8221;][vc_custom_heading text=&#8221;Der bessere Job &#8221; font_container=&#8221;tag:h2|font_size:20|text_align:left&#8221; use_theme_fonts=&#8221;yes&#8221;][vc_column_text]<\/p>\n<p style=\"text-align: left;\">Jobsuche schnell und genau. Jobsuche mit Zeit zum Arbeitsplatz.<\/p>\n<p>[\/vc_column_text][\/vc_column_inner][vc_column_inner width=&#8221;1\/2&#8243;][vc_icon type=&#8221;openiconic&#8221; icon_openiconic=&#8221;vc-oi vc-oi-signal&#8221; color=&#8221;custom&#8221; custom_color=&#8221;#557cc1&#8243; css=&#8221;.vc_custom_1549388343071{margin-bottom: 0px !important;}&#8221;][vc_custom_heading text=&#8221;Mehr vom Gehalt&#8221; font_container=&#8221;tag:h2|font_size:20|text_align:left&#8221; use_theme_fonts=&#8221;yes&#8221;][vc_column_text]<\/p>\n<p style=\"text-align: left;\">Pendlerkosten optimieren. T\u00e4glich Zeit und Geld sparen.<\/p>\n<p>[\/vc_column_text][\/vc_column_inner][\/vc_row_inner][vc_empty_space][\/vc_column][vc_column width=&#8221;1\/2&#8243;][vc_empty_space][vc_single_image image=&#8221;900&#8243; img_size=&#8221;full&#8221; alignment=&#8221;right&#8221; lazy_loading=&#8221;true&#8221;][\/vc_column][vc_column width=&#8221;1\/12&#8243;][\/vc_column][\/vc_row][vc_row type=&#8221;vc_default&#8221; full_width=&#8221;stretch_row&#8221; css=&#8221;.vc_custom_1543494059820{background-color: #f8f9fb !important;}&#8221;][vc_column][vc_empty_space][vc_column_text]<\/p>\n<h2 style=\"font-weight: normal; text-align: center;\">DIE <strong>VORTEILE<\/strong> IM <strong>\u00dcBERBLICK:<br \/>\n<\/strong><\/h2>\n<p>[\/vc_column_text][vc_empty_space][\/vc_column][\/vc_row][vc_row][vc_column][vc_empty_space][\/vc_column][\/vc_row][vc_row type=&#8221;vc_default&#8221; content_placement=&#8221;middle&#8221;][vc_column width=&#8221;1\/2&#8243;][vc_single_image image=&#8221;961&#8243; img_size=&#8221;full&#8221; style=&#8221;vc_box_shadow&#8221; lazy_loading=&#8221;true&#8221;][\/vc_column][vc_column width=&#8221;1\/2&#8243;][vc_custom_heading text=&#8221;ZEIT ERKENNEN, ZEIT SPAREN&#8221; use_theme_fonts=&#8221;yes&#8221;][vc_column_text]Jede Arbeitsst\u00e4tte ist geografisch klar verortet. Daher wird meist die Umkreissuche genutzt. Schlie\u00dflich ist die Lage wichtig, denn sie besagt, wie weit der neue Job von der Wohnung oder dem Lebensmittelpunkt aus entfernt ist.<\/p>\n<p>Leider passiert an dieser Stelle meist ein folgenschwerer Fehler. Denn der Ma\u00dfstab herk\u00f6mmlicher Karten sind Kilometer und nicht die Zeit. Daher kann ein nah gelegener Job zeitlich weit entfernt sein. Ein weit entfernter zeitlich gesehen ganz nah. Der Grund hierf\u00fcr sind die unterschiedlichen Geschwindigkeiten unserer Verkehrsmittel. Und es gibt Br\u00fccken, Autobahnen und Einbahnstra\u00dfen. Kilometer sagen nichts aus \u00fcber die Zeit, die es braucht sie zu \u00fcberwinden.<\/p>\n<p>Die Ticunia Zeitkarte erm\u00f6glicht es Jobs anhand der zeitlichen Entfernung und des Verkehrsmittels anzeigen zu lassen. Damit r\u00fcckt in den Fokus, was f\u00fcr alle Menschen wichtig ist: Zeit.[\/vc_column_text][\/vc_column][\/vc_row][vc_row type=&#8221;vc_default&#8221; full_width=&#8221;stretch_row&#8221; content_placement=&#8221;middle&#8221; css=&#8221;.vc_custom_1543500530265{background-color: #f8f9fb !important;}&#8221;][vc_column width=&#8221;1\/2&#8243;][vc_empty_space][vc_custom_heading text=&#8221;DER USER STEHT IM MITTELPUNKT&#8221; use_theme_fonts=&#8221;yes&#8221;][vc_column_text]<\/p>\n<div class=\"wpb_text_column wpb_content_element \">\n<div class=\"wpb_wrapper\">\n<div class=\"wpb_text_column wpb_content_element \">\n<div class=\"wpb_wrapper\">\n<p>Bei Jobs geht es um viel mehr als nur um das Gehalt. Der Job beeinflusst das ganze Leben. Die Lage bestimmt, wie weit der der t\u00e4gliche Weg zur Arbeit ist. Diese Wege kosten t\u00e4glich Zeit und Geld. Allein in Deutschland pendeln 18 Millionen Menschen. Das kostet Milliarden Euro und raubt kostbare Lebenszeit.<\/p>\n<p>Zeit, dies zu \u00e4ndern. Wir stellen den Menschen in den Mittelpunkt und ber\u00fccksichtigen seinen Wohnort oder seine Lebensmittelpunkte und seine t\u00e4glichen Wege. Ganz individuell und je nach gew\u00e4hltem Verkehrsmittel \u2013 PKW, Bahn, Bus, S-Bahn, U-Bahn, Fahrrad. F\u00fcr jeden einzelnen Nutzer ermittelt die Jobsuche mit Time Technology das, was wirklich z\u00e4hlt: Die zeitliche Erreichbarkeit aller Jobangebote.<\/p><\/div>\n<\/div>\n<\/div>\n<\/div>\n<p>[\/vc_column_text][vc_empty_space][\/vc_column][vc_column width=&#8221;1\/2&#8243;][vc_single_image image=&#8221;1316&#8243; img_size=&#8221;full&#8221; alignment=&#8221;right&#8221; style=&#8221;vc_box_shadow&#8221; lazy_loading=&#8221;true&#8221;][\/vc_column][\/vc_row][vc_row][vc_column][vc_empty_space][\/vc_column][\/vc_row][vc_row type=&#8221;vc_default&#8221; full_width=&#8221;stretch_row&#8221; content_placement=&#8221;middle&#8221; parallax=&#8221;content-moving&#8221; parallax_image=&#8221;1481&#8243; parallax_speed_bg=&#8221;1.2&#8243; css=&#8221;.vc_custom_1547044560456{background-position: 0 0;background-repeat: no-repeat !important;}&#8221;][vc_column width=&#8221;2\/3&#8243;][\/vc_column][vc_column width=&#8221;1\/3&#8243;][vc_empty_space height=&#8221;150px&#8221;][vc_custom_heading text=&#8221;DER BESSERE JOB &#8221; font_container=&#8221;tag:h2|text_align:center&#8221; use_theme_fonts=&#8221;yes&#8221;][vc_custom_heading text=&#8221;Zeit zum Job sparen. Mehr vom Gehalt. &#8221; font_container=&#8221;tag:h2|font_size:20|text_align:center&#8221; use_theme_fonts=&#8221;yes&#8221;][vc_empty_space height=&#8221;200px&#8221;][\/vc_column][\/vc_row][vc_row type=&#8221;vc_default&#8221; full_width=&#8221;stretch_row&#8221; content_placement=&#8221;middle&#8221; css=&#8221;.vc_custom_1543500530265{background-color: #f8f9fb !important;}&#8221;][vc_column width=&#8221;1\/2&#8243;][vc_empty_space][vc_custom_heading text=&#8221;MEHR VOM GEHALT&#8221; use_theme_fonts=&#8221;yes&#8221;][vc_column_text]<\/p>\n<div class=\"wpb_text_column wpb_content_element \">\n<div class=\"wpb_wrapper\">\n<p>Mit Ticunia finden Sie Jobs, die zeitlich in der gleichen Entfernung zu Ihrem individuellen Ausgangspunkt liegen, aber besser bezahlt sind.<\/p>\n<p>Analog finden Sie Jobs, f\u00fcr die es sich lohnt, mehr Pendlerzeit zu investieren, weil das Gehalt oder die Zusatzleistungen attraktiver sind.<\/p>\n<p>Oder Sie finden Jobs, die zwar weniger attraktiv verg\u00fctet sind, aber viel schneller zu erreichen sind und Sie so t\u00e4glich Lebenszeit und Pendlerkosten sparen.<\/p>\n<p>Wie man es dreht oder wendet, mit Ticunia finden Sie Jobs, von denen Sie mehr haben &#8211; mehr Zeit und mehr Geld.<\/p><\/div>\n<\/div>\n<p>[\/vc_column_text][vc_empty_space][\/vc_column][vc_column width=&#8221;1\/2&#8243;][vc_single_image image=&#8221;1562&#8243; img_size=&#8221;full&#8221; alignment=&#8221;right&#8221; style=&#8221;vc_box_shadow&#8221; lazy_loading=&#8221;true&#8221;][\/vc_column][\/vc_row][vc_row][vc_column][vc_empty_space][\/vc_column][\/vc_row][vc_row type=&#8221;vc_default&#8221; content_placement=&#8221;middle&#8221;][vc_column width=&#8221;1\/2&#8243;][vc_single_image image=&#8221;1314&#8243; img_size=&#8221;full&#8221; style=&#8221;vc_box_shadow&#8221; lazy_loading=&#8221;true&#8221;][\/vc_column][vc_column width=&#8221;1\/2&#8243;][vc_empty_space][vc_custom_heading text=&#8221;PENDLERKOSTEN SENKEN&#8221; use_theme_fonts=&#8221;yes&#8221;][vc_column_text]<\/p>\n<div class=\"wpb_text_column wpb_content_element \">\n<div class=\"wpb_wrapper\">\n<p>Es macht einen gewaltigen Unterschied, ob Sie \u00fcber Jahre hinweg t\u00e4glich eine Stunde lang zur Arbeit brauchen oder nur 10 Minuten. Und dies wird bestimmt durch die Lage des Jobs, sie determiniert Zeit und Kosten Ihrer t\u00e4glichen Wege.<\/p>\n<p>Mit Ticunia erkennen Sie bei allen Jobangeboten auf einen einzigen Blick, wieviel Zeit Sie zu Ihren pers\u00f6nlichen Zielorten ben\u00f6tigen. Diese Zielorte sind Ihr Wohnort, aber je nach Lebenssituiation auch zum Beipsiel der Wohnort des Lebenspartners oder die Schule der Kinder. Auf diese Weise wird Ticunia zu einem Instrument zur Senkung der individuellen Folgekosten eines Jobangebots, die sich durch Zeit und Kosten der t\u00e4glichen Wege und der Pendlerkosten errechnet.<\/p><\/div>\n<\/div>\n<p>[\/vc_column_text][vc_empty_space][\/vc_column][\/vc_row][vc_row type=&#8221;vc_default&#8221; full_width=&#8221;stretch_row&#8221; content_placement=&#8221;middle&#8221; css=&#8221;.vc_custom_1543500530265{background-color: #f8f9fb !important;}&#8221;][vc_column width=&#8221;1\/2&#8243;][vc_empty_space][vc_custom_heading text=&#8221;ZEIT IST GELD. ZEIT IST LEBEN. &#8221; use_theme_fonts=&#8221;yes&#8221;][vc_column_text]Zeit ist Geld. Dabei geht es aber um viel mehr als nur den Kontoauszug. Denn die Zeit bestimmt die Gestaltungsm\u00f6glichkeiten des Lebens. Menschen leben in Berlin und arbeiten in Hamburg. Warum? Weil es funktioniert. Dank ICE und flexiblen Arbeitszeiten.<\/p>\n<div><\/div>\n<p><strong>Diese M\u00f6glichkeiten macht Ticunia sichtbar &#8211; zu Ihrem Nutzen:<\/strong><\/p>\n<div><\/div>\n<p>Sie wohnen in D\u00fcsseldorf und denken an einen Banker-Job in K\u00f6ln? Nehmen Sie lieber einen in Z\u00fcrich. Das Gehalt ist doppelt so hoch und mit dem Flieger sind sie schneller am Z\u00fcrichsee als am Dom. <em>(Dies an Tagen, an denen die A57 Stau hat, der Flug nach Z\u00fcrich aber nur 50 Minuten dauert).<\/em><\/p>\n<div><\/div>\n<p>Sie sparen mit Ticunia 20 Minuten Zeit auf dem Weg zum neuen Job? Macht am Ende eines Jahres 160 Stunden mehr Zeit. Diese Zeit ist Ihre Lebenszeit. Das sind 160 Stunden, die Sie in eine Fortbildung investieren k\u00f6nnen. Oder noch besser: 160 Stunden mehr Zeit f\u00fcr Urlaub oder 160 Stunden mehr Zeit f\u00fcr Ihre Kinder. <em>(Dies bei 5 Arbeitstagen in 48 Arbeitswochen).<\/em><\/p>\n<div><\/div>\n<p>[\/vc_column_text][vc_empty_space][\/vc_column][vc_column width=&#8221;1\/2&#8243;][vc_single_image image=&#8221;1330&#8243; img_size=&#8221;full&#8221; alignment=&#8221;right&#8221; style=&#8221;vc_box_shadow&#8221; lazy_loading=&#8221;true&#8221;][\/vc_column][\/vc_row][vc_row][vc_column][vc_empty_space][\/vc_column][\/vc_row][vc_row type=&#8221;vc_default&#8221; full_width=&#8221;stretch_row&#8221; content_placement=&#8221;middle&#8221; parallax=&#8221;content-moving&#8221; parallax_image=&#8221;1116&#8243; parallax_speed_bg=&#8221;1.2&#8243; css=&#8221;.vc_custom_1543863015741{background-position: center;background-repeat: no-repeat !important;background-size: cover !important;}&#8221;][vc_column width=&#8221;1\/2&#8243;][vc_empty_space height=&#8221;150px&#8221;][vc_custom_heading text=&#8221;USABILITY FIRST&#8221; font_container=&#8221;tag:h2|text_align:center&#8221; use_theme_fonts=&#8221;yes&#8221;][vc_custom_heading text=&#8221;Alle Anwendungen funktionieren reibungslos intuitiv, denn Ticunia basiert auf Karten. Und Karten sind der gelernte, kollektive Orinientierungsrahmen aller Menschen. &#8221; font_container=&#8221;tag:h2|font_size:20|text_align:center&#8221; use_theme_fonts=&#8221;yes&#8221;][vc_empty_space height=&#8221;150px&#8221;][\/vc_column][vc_column width=&#8221;1\/2&#8243;][\/vc_column][\/vc_row][vc_row][vc_column][vc_empty_space][\/vc_column][\/vc_row][vc_row type=&#8221;vc_default&#8221; content_placement=&#8221;middle&#8221;][vc_column width=&#8221;1\/2&#8243;][vc_single_image image=&#8221;1094&#8243; img_size=&#8221;full&#8221; style=&#8221;vc_box_shadow&#8221; lazy_loading=&#8221;true&#8221;][\/vc_column][vc_column width=&#8221;1\/2&#8243;][vc_empty_space][vc_custom_heading text=&#8221;STATT LANGER LISTEN&#8221; use_theme_fonts=&#8221;yes&#8221;][vc_column_text]<\/p>\n<div class=\"wpb_text_column wpb_content_element \">\n<div class=\"wpb_wrapper\">\n<p>Umkreissuche 100 km K\u00f6ln: 1900 Jobs im Vertrieb. Hier schnell den besten Job zu finden: Keine Chance. Je l\u00e4nger die Liste, desto un\u00fcbersichtlicher wird es.<\/p>\n<p>Vor allem aber steigt ab einer gewissen Anzahl der Treffer der Zeitaufwand der Jobsuche massiv an. Dies liegt daran, dass man jedes neue Ergebnis mit allen anderen Ergebnissen einzeln vergleichen muss. Mathematisch gesehen ist dies ein typisches Exponentialproblem. Es f\u00fchrt dazu, das ab einer gewissen Anzahl zu vergleichender L\u00f6sungstreffer optimale Entscheidungen unm\u00f6glich werden.<\/p>\n<p>W\u00fcrde man nun auch noch bei jedem einzelnen Jobangebot die zeitliche Entfernung per Hand ermitteln, steigt der Zeitaufwand der Suche erneut steil an. 1900 Angebote mit je zwei Minuten Pr\u00fcfzeit summieren sich so bereits auf knapp 3 Tage. Hat man die geschafft, geht es aber erst los, denn jetzt muss man noch alle Jobsdetails der Listenansicht miteinender vergleichen.<\/p>\n<p>Lange Listen sind un\u00fcbersichtlich \u2013 aber mit Ticunia werden Sie \u00fcberfl\u00fcssig. Sie erkennen alle relevanten Jobangebote auf einen einzigen Blick.<\/p><\/div>\n<\/div>\n<p>[\/vc_column_text][vc_empty_space][\/vc_column][\/vc_row][vc_row type=&#8221;vc_default&#8221; full_width=&#8221;stretch_row&#8221; content_placement=&#8221;middle&#8221; css=&#8221;.vc_custom_1543500530265{background-color: #f8f9fb !important;}&#8221;][vc_column width=&#8221;1\/2&#8243;][vc_empty_space][vc_custom_heading text=&#8221;AUSWAHL VERBESSERN&#8221; use_theme_fonts=&#8221;yes&#8221;][vc_column_text]<\/p>\n<div class=\"wpb_text_column wpb_content_element \">\n<div class=\"wpb_wrapper\">\n<p>Was bringt das beste Jobangebot, wenn Sie es gar nicht finden? Nichts. Mit Ticunia finden Sie Jobs, die sonst niemals in Ihre Auswahl geraten w\u00e4ren. Und das, obwohl sie zeitlich genauso gut zu erreichen sind wie vergleichbare Angebote. Diese Jobs w\u00e4ren deshalb nicht in Ihre Auswahl geraten, weil sie in der Umkreissuche herk\u00f6mmlicher Jobportale einfach nicht erfasst werden.<\/p>\n<p>Die Suchergebnisse von Ticunia sind meist verbl\u00fcffend. Wohnen Sie im S\u00fcden von K\u00f6ln sind Jobs in Aachen oder Bonn besser zu erreichen als Jobs im Norden der Stadt. Und genauso lange braucht es bis in die K\u00f6lner City &#8211; falls Sie zuf\u00e4llig in Frankfurt City wohnen und den ICE-Sprinter nehmen.<\/p><\/div>\n<\/div>\n<p>[\/vc_column_text][vc_empty_space][\/vc_column][vc_column width=&#8221;1\/2&#8243;][vc_single_image image=&#8221;1563&#8243; img_size=&#8221;full&#8221; alignment=&#8221;right&#8221; style=&#8221;vc_box_shadow&#8221; lazy_loading=&#8221;true&#8221;][\/vc_column][\/vc_row][vc_row][vc_column][vc_empty_space][\/vc_column][\/vc_row][vc_row type=&#8221;vc_default&#8221; full_width=&#8221;stretch_row&#8221; css=&#8221;.vc_custom_1543494059820{background-color: #f8f9fb !important;}&#8221;][vc_column][vc_empty_space height=&#8221;64px&#8221;][vc_column_text]<\/p>\n<h2 style=\"font-weight: normal; text-align: center;\">TICUNIA<strong> F\u00dcR IHR UNTERNEHMEN <\/strong>NUTZEN<strong><br \/>\n<\/strong><\/h2>\n<p>[\/vc_column_text][vc_empty_space height=&#8221;64px&#8221;][\/vc_column][\/vc_row][vc_row type=&#8221;vc_default&#8221; content_placement=&#8221;middle&#8221;][vc_column width=&#8221;1\/2&#8243;][vc_empty_space][vc_custom_heading text=&#8221;VORSPRUNG DURCH TICUNIA&#8221; use_theme_fonts=&#8221;yes&#8221;][vc_column_text]Ticunia Job Solutions mit Time Technology eignet sich f\u00fcr alle Unternehmen, die Jobsuchen online anbieten. Ticunia f\u00fcgt sich \u00fcber eine Schnittstelle passgenau und reibungslos Ihr Jobportal ein, ohne Ihr bestehendes System zu ersetzen.<\/p>\n<p>Mit Ticunia erhalten Sie einen starken Wettbewerbsvorteil. Ticunia Time Technology l\u00e4sst den Status Quo aller bekannten Jobsuchen hinter sich.[\/vc_column_text][vc_empty_space][\/vc_column][vc_column width=&#8221;1\/2&#8243;][vc_single_image image=&#8221;1317&#8243; img_size=&#8221;full&#8221; alignment=&#8221;right&#8221; lazy_loading=&#8221;true&#8221;][\/vc_column][\/vc_row][vc_row][vc_column][vc_empty_space][\/vc_column][\/vc_row][vc_row type=&#8221;vc_default&#8221; full_width=&#8221;stretch_row&#8221; content_placement=&#8221;middle&#8221; parallax=&#8221;content-moving&#8221; parallax_image=&#8221;1321&#8243; parallax_speed_bg=&#8221;1.2&#8243; css=&#8221;.vc_custom_1547044064461{background-position: 0 0;background-repeat:-repeat !important;}&#8221;][vc_column width=&#8221;2\/3&#8243;][\/vc_column][vc_column width=&#8221;1\/3&#8243;][vc_empty_space height=&#8221;150px&#8221;][vc_custom_heading text=&#8221;VORTEIL&#8221; font_container=&#8221;tag:h2|text_align:center&#8221; use_theme_fonts=&#8221;yes&#8221;][vc_custom_heading text=&#8221;Nutzen Sie die Ticunia Business Solutions f\u00fcr Ihr Jobportal. &#8221; font_container=&#8221;tag:h2|font_size:20|text_align:center&#8221; use_theme_fonts=&#8221;yes&#8221;][vc_empty_space height=&#8221;200px&#8221;][\/vc_column][\/vc_row][vc_row type=&#8221;vc_default&#8221; full_width=&#8221;stretch_row&#8221; content_placement=&#8221;middle&#8221; css=&#8221;.vc_custom_1543503021557{background-color: #f8f9fb !important;}&#8221;][vc_column width=&#8221;1\/2&#8243;][vc_empty_space][vc_custom_heading text=&#8221;BUSINESS SOLUTIONS&#8221; use_theme_fonts=&#8221;yes&#8221;][vc_column_text]<\/p>\n<div class=\"wpb_text_column wpb_content_element \">\n<div class=\"wpb_wrapper\">\n<p>Der Markt f\u00fcr Jobportale ist heterogen. Ticunia bietet f\u00fcr alle Marktteilnehmer eine passgenaue L\u00f6sung. Alle Modelle bestehen grunds\u00e4tzlich aus den drei Komponenten <b>Interface, Solution-Design und Lizenz<\/b>. Diese drei Komponenten k\u00f6nnen individuell kombiniert werden.<\/p>\n<p><b>Interface<\/b> beschreibt Ihre Schnittstelle zu Ticunia. Hier werden Ihre Jobangebote von Ticunia Time Technology algorithmisch verarbeitet und simultan wieder an Ihr Portal ausgegeben.<\/p>\n<p><b>Solution-Design<\/b> besagt, in welchem Umfang individuelle, ma\u00dfgeschneiderte Features zur Jobsuche bereitgestellt und hierbei das individuelle Design und Corporate Identity Ihres Unternehmens ber\u00fccksichtigt wird.<\/p>\n<p>Ihre <b>Lizenz<\/b> legt fest, in welchem Umfang Sie Ticunia nutzen. Der Umfang besteht aus der Anzahl der Suchanfragen, Anzahl der Jobs und Anzahl der gew\u00fcnschten Regionen oder L\u00e4nder.<\/div>\n<\/div>\n<p>[\/vc_column_text][vc_empty_space][\/vc_column][vc_column width=&#8221;1\/2&#8243;][vc_single_image image=&#8221;1306&#8243; img_size=&#8221;full&#8221; alignment=&#8221;right&#8221; lazy_loading=&#8221;true&#8221;][\/vc_column][\/vc_row][vc_row type=&#8221;vc_default&#8221; content_placement=&#8221;middle&#8221;][vc_column width=&#8221;1\/2&#8243;][vc_single_image image=&#8221;1308&#8243; img_size=&#8221;full&#8221; lazy_loading=&#8221;true&#8221;][\/vc_column][vc_column width=&#8221;1\/2&#8243;][vc_empty_space][vc_custom_heading text=&#8221;IHR WEG ZU TICUNIA&#8221; use_theme_fonts=&#8221;yes&#8221;][vc_column_text]<\/p>\n<div class=\"wpb_text_column wpb_content_element \">\n<div class=\"wpb_wrapper\">\n<p>Senden Sie uns eine Nachricht. Gem\u00e4\u00df Ihres Gesch\u00e4ftsmodells und Ihrer Portalgr\u00f6\u00dfe erfolgt eine individuelle Abstimmung des optimalen Business-Modells auf Grundlage der drei Parameter: Interface, Solution-Design und Lizenz. Die Beratung und die gemeinsame Abstimmung sind kostenfrei.<\/p>\n<p><i><strong>Dar\u00fcber hinaus steht Ticunia individuellen Unternehmenskooperationen grunds\u00e4tzlich offen gegen\u00fcber. Ticunia Time Technology ist in den L\u00e4ndern USA, Japan, EU, China, S\u00fcdkorea, Kanada und Australien zum Patent angemeldet. Vor diesem Hintergrund ist es zudem m\u00f6glich, eine Lizenzierung zu vereinbaren, die Ihrer individuellen Wettbewerbssituation Rechnung tr\u00e4gt.<\/strong> <\/i><\/p>\n<p>&nbsp;<\/p><\/div>\n<\/div>\n<p>[\/vc_column_text][\/vc_column][\/vc_row][vc_row][vc_column][vc_empty_space][\/vc_column][\/vc_row][vc_row type=&#8221;vc_default&#8221; full_width=&#8221;stretch_row&#8221; css=&#8221;.vc_custom_1543502456613{background-color: #f8f9fb !important;}&#8221;][vc_column][vc_empty_space][vc_custom_heading text=&#8221;NUTZEN SIE TICUNIA F\u00dcR IHR UNTERNEHMEN&#8221; font_container=&#8221;tag:h2|text_align:center&#8221; use_theme_fonts=&#8221;yes&#8221;][vc_custom_heading text=&#8221;IHR VORSPRUNG MIT DEN BUSINESS SOLUTIONS VON TICUNIA&#8221; font_container=&#8221;tag:h2|font_size:20|text_align:center&#8221; use_theme_fonts=&#8221;yes&#8221;][vc_empty_space height=&#8221;64px&#8221;][\/vc_column][\/vc_row][vc_row type=&#8221;vc_default&#8221; full_width=&#8221;stretch_row&#8221; content_placement=&#8221;middle&#8221; el_id=&#8221;contact&#8221; css=&#8221;.vc_custom_1543842269328{background-color: #557cc1 !important;}&#8221;][vc_column width=&#8221;1\/3&#8243;][vc_single_image image=&#8221;1048&#8243; img_size=&#8221;full&#8221; image_hovers=&#8221;false&#8221;][\/vc_column][vc_column width=&#8221;2\/3&#8243;][vc_custom_heading text=&#8221;GET IN TOUCH!&#8221; font_container=&#8221;tag:h2|text_align:left|color:%23ffffff&#8221; use_theme_fonts=&#8221;yes&#8221;][vc_custom_heading text=&#8221;Write us a message and talk to one of our experts.&#8221; font_container=&#8221;tag:h2|font_size:20|text_align:left|color:%23ffffff&#8221; use_theme_fonts=&#8221;yes&#8221;]<div role=\"form\" class=\"wpcf7\" id=\"wpcf7-f1053-o1\" lang=\"en-US\" dir=\"ltr\">\n<div class=\"screen-reader-response\" aria-live=\"polite\"><\/div>\n<form action=\"\/de\/wp-json\/wp\/v2\/pages\/1391#wpcf7-f1053-o1\" method=\"post\" class=\"wpcf7-form\" novalidate=\"novalidate\">\n<div style=\"display: none;\">\n<input type=\"hidden\" name=\"_wpcf7\" value=\"1053\" \/>\n<input type=\"hidden\" name=\"_wpcf7_version\" value=\"5.1.9\" \/>\n<input type=\"hidden\" name=\"_wpcf7_locale\" value=\"en_US\" \/>\n<input type=\"hidden\" name=\"_wpcf7_unit_tag\" value=\"wpcf7-f1053-o1\" \/>\n<input type=\"hidden\" name=\"_wpcf7_container_post\" value=\"0\" \/>\n<\/div>\n<p><label><br \/>\n    <span class=\"wpcf7-form-control-wrap your-name\"><input type=\"text\" name=\"your-name\" value=\"Name (required)\" size=\"40\" class=\"wpcf7-form-control wpcf7-text wpcf7-validates-as-required\" aria-required=\"true\" aria-invalid=\"false\" \/><\/span> <\/label><\/p>\n<p><label><br \/>\n    <span class=\"wpcf7-form-control-wrap your-email\"><input type=\"email\" name=\"your-email\" value=\"Email (required)\" size=\"40\" class=\"wpcf7-form-control wpcf7-text wpcf7-email wpcf7-validates-as-required wpcf7-validates-as-email\" aria-required=\"true\" aria-invalid=\"false\" \/><\/span> <\/label><\/p>\n<p><label><br \/>\n    <span class=\"wpcf7-form-control-wrap your-subject\"><input type=\"text\" name=\"your-subject\" value=\"Subject\" size=\"40\" class=\"wpcf7-form-control wpcf7-text\" aria-invalid=\"false\" \/><\/span> <\/label><\/p>\n<p><label><br \/>\n    <span class=\"wpcf7-form-control-wrap your-message\"><textarea name=\"your-message\" cols=\"40\" rows=\"10\" class=\"wpcf7-form-control wpcf7-textarea\" aria-invalid=\"false\">Message<\/textarea><\/span> <\/label><\/p>\n<p><input type=\"submit\" value=\"Send message\" class=\"wpcf7-form-control wpcf7-submit\" \/><\/p>\n<div class=\"wpcf7-response-output wpcf7-display-none\" aria-hidden=\"true\"><\/div><\/form><\/div>[vc_empty_space][\/vc_column][\/vc_row]<\/p>\n","protected":false},"excerpt":{"rendered":"<p>[vc_row type=&#8221;vc_default&#8221; full_width=&#8221;stretch_row_content&#8221; content_placement=&#8221;middle&#8221;][vc_column width=&#8221;1\/12&#8243;][\/vc_column][vc_column width=&#8221;1\/4&#8243;][vc_custom_heading text=&#8221;JOB SEARCH SOLUTIONS &#8221; use_theme_fonts=&#8221;yes&#8221;][vc_column_text]Zu jedem Job geh\u00f6rt der Weg zum Job. Und der hat es in sich, denn er kostet Zeit und Geld. Tag f\u00fcr Tag und Jahr f\u00fcr Jahr. Die Jobsuche mit Ticunia stellt den Menschen und seinen Wohnort in den Mittelpunkt. Ticunia ber\u00fccksichtigt seine Wege, seine&hellip;<\/p>\n","protected":false},"author":1,"featured_media":0,"parent":1385,"menu_order":0,"comment_status":"closed","ping_status":"closed","template":"","meta":[],"_links":{"self":[{"href":"https:\/\/ticunia.com\/de\/wp-json\/wp\/v2\/pages\/1391"}],"collection":[{"href":"https:\/\/ticunia.com\/de\/wp-json\/wp\/v2\/pages"}],"about":[{"href":"https:\/\/ticunia.com\/de\/wp-json\/wp\/v2\/types\/page"}],"author":[{"embeddable":true,"href":"https:\/\/ticunia.com\/de\/wp-json\/wp\/v2\/users\/1"}],"replies":[{"embeddable":true,"href":"https:\/\/ticunia.com\/de\/wp-json\/wp\/v2\/comments?post=1391"}],"version-history":[{"count":7,"href":"https:\/\/ticunia.com\/de\/wp-json\/wp\/v2\/pages\/1391\/revisions"}],"predecessor-version":[{"id":1565,"href":"https:\/\/ticunia.com\/de\/wp-json\/wp\/v2\/pages\/1391\/revisions\/1565"}],"up":[{"embeddable":true,"href":"https:\/\/ticunia.com\/de\/wp-json\/wp\/v2\/pages\/1385"}],"wp:attachment":[{"href":"https:\/\/ticunia.com\/de\/wp-json\/wp\/v2\/media?parent=1391"}],"curies":[{"name":"wp","href":"https:\/\/api.w.org\/{rel}","templated":true}]}}