{"id":1389,"date":"2019-01-04T12:14:46","date_gmt":"2019-01-04T12:14:46","guid":{"rendered":"https:\/\/ticunia.com\/de\/?page_id=1389"},"modified":"2019-01-09T11:43:37","modified_gmt":"2019-01-09T11:43:37","slug":"hotels","status":"publish","type":"page","link":"https:\/\/ticunia.com\/de\/anwendungsbereiche\/hotels\/","title":{"rendered":"Hotels"},"content":{"rendered":"<p>[vc_row type=&#8221;vc_default&#8221; full_width=&#8221;stretch_row_content&#8221; content_placement=&#8221;middle&#8221;][vc_column width=&#8221;1\/12&#8243;][\/vc_column][vc_column width=&#8221;1\/4&#8243;][vc_custom_heading text=&#8221;HOTEL BOOKING&#8221; use_theme_fonts=&#8221;yes&#8221;][vc_column_text]Die Hotelsuche mit Ticunia spart viel Zeit und Geld. Lange Hotellisten werden \u00fcberfl\u00fcssig, bessere Hotels geraten in die Auswahl. Die Suche gelingt wesentlich schneller. Auf dem Weg zum Hotel wird wertvolle Zeit gespart.[\/vc_column_text][\/vc_column][vc_column width=&#8221;7\/12&#8243;][rev_slider_vc alias=&#8221;hotel_video&#8221;][\/vc_column][vc_column width=&#8221;1\/12&#8243;][\/vc_column][\/vc_row][vc_row type=&#8221;vc_default&#8221; full_width=&#8221;stretch_row&#8221; css=&#8221;.vc_custom_1543494059820{background-color: #f8f9fb !important;}&#8221;][vc_column][vc_empty_space][vc_column_text]<\/p>\n<h2 style=\"font-weight: normal; text-align: center;\">HOTELSUCHE MIT <strong>TIME TECHNOLOGY<\/strong><\/h2>\n<p>[\/vc_column_text][vc_empty_space][\/vc_column][\/vc_row][vc_row type=&#8221;vc_default&#8221; full_width=&#8221;stretch_row_content&#8221; equal_height=&#8221;yes&#8221; content_placement=&#8221;middle&#8221;][vc_column width=&#8221;1\/12&#8243;][\/vc_column][vc_column width=&#8221;1\/3&#8243;][vc_empty_space][vc_custom_heading text=&#8221;HOTEL BOOKING&#8221; use_theme_fonts=&#8221;yes&#8221;][vc_column_text]<\/p>\n<div class=\"wpb_text_column wpb_content_element \">\n<div class=\"wpb_wrapper\">\n<p>Gerade in Ballungsr\u00e4umen gilt: Die geografische Lage sagt nichts aus. Entscheidend ist die zeitliche Erreichbarkeit vor Ort. Je nach Verkehrsmittel kann zum Beispiel ein Hotel, dass geografisch nah bei der Messe liegt, zeitlich sehr weit entfernt sein.<\/p>\n<p>Die langen Hotellisten der Buchungsportale sind un\u00fcbersichtlich, mit Ticunia werden sie \u00fcberfl\u00fcssig. Sie erkennen die zeitliche Erreichbarkeit, den Preis, die Kundenbewertung und Ausstattung aller Hotels auf einen Blick und k\u00f6nnen schnell und sicher eine richtige Entscheidung treffen.<\/p><\/div>\n<\/div>\n<p>[\/vc_column_text][vc_row_inner][vc_column_inner width=&#8221;1\/2&#8243;][vc_icon type=&#8221;openiconic&#8221; icon_openiconic=&#8221;vc-oi vc-oi-signal&#8221; color=&#8221;custom&#8221; custom_color=&#8221;#557cc1&#8243; css=&#8221;.vc_custom_1546538101363{margin-bottom: 0px !important;}&#8221;][vc_custom_heading text=&#8221;Bookings&#8221; font_container=&#8221;tag:h2|font_size:20|text_align:left&#8221; use_theme_fonts=&#8221;yes&#8221;][vc_column_text]<\/p>\n<p style=\"text-align: left;\">Mehr Buchungen durch bessere Auswahl, schnellere Suche und einzigartige Time-Features.<\/p>\n<p>[\/vc_column_text][\/vc_column_inner][vc_column_inner width=&#8221;1\/2&#8243;][vc_icon type=&#8221;openiconic&#8221; icon_openiconic=&#8221;vc-oi vc-oi-resize-small-alt&#8221; color=&#8221;custom&#8221; custom_color=&#8221;#557cc1&#8243; css=&#8221;.vc_custom_1543326240360{margin-bottom: 0px !important;}&#8221;][vc_custom_heading text=&#8221;Usability &#8221; font_container=&#8221;tag:h2|font_size:20|text_align:left&#8221; use_theme_fonts=&#8221;yes&#8221;][vc_column_text]<\/p>\n<p style=\"text-align: left;\">Statt langer Hotellisten: Auf einen Blick das bessere Hotel f\u00fcr weniger Geld.<\/p>\n<p>[\/vc_column_text][\/vc_column_inner][\/vc_row_inner][vc_empty_space][\/vc_column][vc_column width=&#8221;1\/2&#8243;][vc_empty_space][vc_single_image image=&#8221;1411&#8243; img_size=&#8221;full&#8221; alignment=&#8221;right&#8221; lazy_loading=&#8221;true&#8221;][\/vc_column][vc_column width=&#8221;1\/12&#8243;][\/vc_column][\/vc_row][vc_row type=&#8221;vc_default&#8221; full_width=&#8221;stretch_row&#8221; css=&#8221;.vc_custom_1543494059820{background-color: #f8f9fb !important;}&#8221;][vc_column][vc_empty_space][vc_column_text]<\/p>\n<h2 style=\"font-weight: normal; text-align: center;\">DIE <strong>VORTEILE<\/strong> IM <strong>\u00dcBERBLICK<br \/>\n<\/strong><\/h2>\n<p>[\/vc_column_text][vc_empty_space][\/vc_column][\/vc_row][vc_row][vc_column][vc_empty_space][\/vc_column][\/vc_row][vc_row type=&#8221;vc_default&#8221; content_placement=&#8221;middle&#8221;][vc_column width=&#8221;1\/2&#8243;][vc_single_image image=&#8221;961&#8243; img_size=&#8221;full&#8221; style=&#8221;vc_box_shadow&#8221; lazy_loading=&#8221;true&#8221;][\/vc_column][vc_column width=&#8221;1\/2&#8243;][vc_custom_heading text=&#8221;ZEIT ERKENNEN&#8221; use_theme_fonts=&#8221;yes&#8221;][vc_column_text]Herk\u00f6mmliche Karten t\u00e4uschen, denn sie ber\u00fccksichtigen nicht die Zeit. Ein nah gelegenes Hotel kann zeitlich sehr weit entfernt sein. Ein weit entferntes Hotel tats\u00e4chlich zeitlich gesehen ganz nah.<\/p>\n<p>Woran das liegt? Wir nutzen unterschiedliche Verkehrsmittel. Und es gibt Staus, Br\u00fccken, Autobahnen und Einbahnstra\u00dfen. Kilometer sagen nichts aus \u00fcber die Zeit, die es braucht sie zu \u00fcberwinden.<\/p>\n<p>Dieses Problem l\u00f6st Ticunia. Aus Kilometern wird Zeit. Sie w\u00e4hlen ihr Ziel und Ihr gew\u00fcnschtes Verkehrsmittel vor Ort und erkennen auf einen einzigen Blick die zeitliche Erreichbarkeit aller potentiellen Hotels.<\/p>\n<p>So gewinnen Sie Zeit &#8211; das wichtigste der Welt.[\/vc_column_text][\/vc_column][\/vc_row][vc_row][vc_column][vc_empty_space][\/vc_column][\/vc_row][vc_row type=&#8221;vc_default&#8221; full_width=&#8221;stretch_row&#8221; content_placement=&#8221;middle&#8221; css=&#8221;.vc_custom_1543500530265{background-color: #f8f9fb !important;}&#8221;][vc_column width=&#8221;1\/2&#8243;][vc_empty_space][vc_custom_heading text=&#8221;KOSTEN SENKEN&#8221; use_theme_fonts=&#8221;yes&#8221;][vc_column_text]Mit Ticunia finden Sie Hotels, die zeitlich in der gleichen Entfernung zu Ihrem Ziel liegen, aber deutlich g\u00fcnstiger sind. Die Ersparnis ist signifikant, besonders bei hoher Hotelauslastung wie etwa zu Messezeiten.<\/p>\n<p>Und sie finden Hotels, die eine bessere Ausstattung haben und viel eher ihren pers\u00f6nlichen W\u00fcnschen entsprechen und dennoch zeitlich gleich gut zu erreichen sind.<\/p>\n<p>Und sie sehen sofort, wieviel Zeit Sie vom Hotel zu Ihrem Ziel vor Ort ben\u00f6tigen. Diese Zeit ist Teil Ihrer Reise und man sollte sie nicht verschwenden. Gerade bei Business-Trips, denn Arbeitszeit ist teuer.<\/p>\n<p>Wie man es dreht oder wendet, mit Ticunia sparen Sie wertvolle Zeit und sehr viel Geld.[\/vc_column_text][vc_empty_space][\/vc_column][vc_column width=&#8221;1\/2&#8243;][vc_single_image image=&#8221;963&#8243; img_size=&#8221;full&#8221; alignment=&#8221;right&#8221; style=&#8221;vc_box_shadow&#8221; lazy_loading=&#8221;true&#8221;][\/vc_column][\/vc_row][vc_row][vc_column][vc_empty_space][\/vc_column][\/vc_row][vc_row type=&#8221;vc_default&#8221; content_placement=&#8221;middle&#8221;][vc_column width=&#8221;1\/2&#8243;][vc_single_image image=&#8221;966&#8243; img_size=&#8221;full&#8221; style=&#8221;vc_box_shadow&#8221; lazy_loading=&#8221;true&#8221;][\/vc_column][vc_column width=&#8221;1\/2&#8243;][vc_empty_space][vc_custom_heading text=&#8221;AUSWAHL VERBESSERN&#8221; use_theme_fonts=&#8221;yes&#8221;][vc_column_text]Mit Ticunia sehen Sie Hotels, die sonst niemals in Ihre Auswahl geraten w\u00e4ren. Und dass, obwohl sie zeitlich genauso gut zu erreichen sind wie vergleichbare Hotels.<\/p>\n<p>Die Ergebnisse sind oft verbl\u00fcffend. Ein Hotel nahe dem Flughafen Frankfurt? Da liegt Wiesbaden zeitlich besser als die Frankfurter City. Ein Hotel in K\u00f6ln mit Blick auf die Messe? Weit gefehlt, denn dazwischen liegt der Rhein und der Weg zur Messe kostet Zeit.[\/vc_column_text][vc_empty_space][\/vc_column][\/vc_row][vc_row][vc_column][vc_empty_space][\/vc_column][\/vc_row][vc_row type=&#8221;vc_default&#8221; full_width=&#8221;stretch_row&#8221; content_placement=&#8221;middle&#8221; parallax=&#8221;content-moving&#8221; parallax_image=&#8221;1092&#8243; parallax_speed_bg=&#8221;1.2&#8243; css=&#8221;.vc_custom_1543855362480{background-position: center;background-repeat: no-repeat !important;background-size: cover !important;}&#8221;][vc_column width=&#8221;2\/3&#8243;][\/vc_column][vc_column width=&#8221;1\/3&#8243;][vc_empty_space height=&#8221;150px&#8221;][vc_custom_heading text=&#8221;USABILITY FIRST&#8221; font_container=&#8221;tag:h2|text_align:center&#8221; use_theme_fonts=&#8221;yes&#8221;][vc_custom_heading text=&#8221;Alle Anwendungen funktionieren intuitiv, denn Ticunia basiert auf Karten. Karten sind der kollektive Orientierungsrahmen der Menschen. &#8221; font_container=&#8221;tag:h2|font_size:20|text_align:center&#8221; use_theme_fonts=&#8221;yes&#8221;][vc_empty_space height=&#8221;150px&#8221;][\/vc_column][\/vc_row][vc_row][vc_column][vc_empty_space][\/vc_column][\/vc_row][vc_row type=&#8221;vc_default&#8221; content_placement=&#8221;middle&#8221;][vc_column width=&#8221;1\/2&#8243;][vc_single_image image=&#8221;1094&#8243; img_size=&#8221;full&#8221; style=&#8221;vc_box_shadow&#8221; lazy_loading=&#8221;true&#8221;][\/vc_column][vc_column width=&#8221;1\/2&#8243;][vc_empty_space][vc_custom_heading text=&#8221;LISTEN WERDEN \u00dcBERFL\u00dcSSIG&#8221; use_theme_fonts=&#8221;yes&#8221;][vc_column_text]<\/p>\n<div class=\"wpb_text_column wpb_content_element \">\n<div class=\"wpb_wrapper\">\n<div class=\"wpb_text_column wpb_content_element \">\n<div class=\"wpb_wrapper\">\n<p>Die Listen der Hotelportale sind lang. Je l\u00e4nger die Liste, desto un\u00fcbersichtlicher wird es. Vor allem aber steigt ab einer gewissen Anzahl der Treffer der Zeitaufwand der Hotelsuche massiv an. So wird es trotz Filter fast unm\u00f6glich das beste Hotel zu finden.<\/p>\n<p>Mit Ticunia werden lange Hotellisten \u00fcberfl\u00fcssig. Sie erkennen alle relevanten Hotelangebote auf einen einzigen Blick.<\/p><\/div>\n<\/div>\n<\/div>\n<\/div>\n<p>[\/vc_column_text][vc_empty_space][\/vc_column][\/vc_row][vc_row][vc_column][vc_empty_space][\/vc_column][\/vc_row][vc_row type=&#8221;vc_default&#8221; full_width=&#8221;stretch_row&#8221; content_placement=&#8221;middle&#8221; css=&#8221;.vc_custom_1543503021557{background-color: #f8f9fb !important;}&#8221;][vc_column width=&#8221;1\/2&#8243;][vc_empty_space][vc_custom_heading text=&#8221;SCHNELL DIE BESTE ENTSCHEIDUNG TREFFEN&#8221; use_theme_fonts=&#8221;yes&#8221;][vc_column_text]Karten haben etwas, was Listen niemals leisten k\u00f6nnen: Sie sind der Orientierungsrahmen aller Menschen. Das gilt jeden Tag, bewusst oder unbewusst. Und es gilt vor allem, wenn wir auf Reisen sind. Ticunia erg\u00e4nzt klassische Karten um den Faktor Zeit und verwandelt sie in ein hocheffizientes Orientierungs-, Entscheidungs-, und Buchungstool f\u00fcr Ihre Hotelsuche. So k\u00f6nnen Sie viel schneller als gewohnt sind eine optimale Entscheidung treffen.[\/vc_column_text][vc_empty_space][\/vc_column][vc_column width=&#8221;1\/2&#8243;][vc_single_image image=&#8221;974&#8243; img_size=&#8221;full&#8221; alignment=&#8221;right&#8221; style=&#8221;vc_box_shadow&#8221; lazy_loading=&#8221;true&#8221;][\/vc_column][\/vc_row][vc_row type=&#8221;vc_default&#8221; content_placement=&#8221;middle&#8221;][vc_column width=&#8221;1\/2&#8243;][vc_single_image image=&#8221;975&#8243; img_size=&#8221;full&#8221; style=&#8221;vc_box_shadow&#8221; lazy_loading=&#8221;true&#8221;][\/vc_column][vc_column width=&#8221;1\/2&#8243;][vc_empty_space][vc_custom_heading text=&#8221;REDUKTION AUF DAS WESENTLICHE &#8221; use_theme_fonts=&#8221;yes&#8221;][vc_column_text]Gerade auf Reisen sind wir umgeben von Informationen, die mehr st\u00f6ren als nutzen. So ist die geografisch exakte Lage des K\u00f6lner Doms wichtig f\u00fcr das Navi, bringt uns Menschen aber keine weiteren Vorteile bei der Orientierung. Ebensowenig die Kilometerangaben, die nichts \u00fcber die zeitliche Erreichbarkeit aussagen.<\/p>\n<p>Ticunia befreit von diesem Ballast und setzt den Fokus auf die Orientierung und den Aufenthalt vor Ort:<br \/>\nEntscheidend sind Ihr <strong>Hotel<\/strong>, Ihr <strong>Ziel<\/strong>, Ihre <strong>Zeit<\/strong> und die <strong>Kosten<\/strong>.[\/vc_column_text][vc_empty_space][\/vc_column][\/vc_row][vc_row type=&#8221;vc_default&#8221; full_width=&#8221;stretch_row&#8221; css=&#8221;.vc_custom_1543494059820{background-color: #f8f9fb !important;}&#8221;][vc_column][vc_empty_space height=&#8221;64px&#8221;][vc_column_text]<\/p>\n<h2 style=\"font-weight: normal; text-align: center;\">TICUNIA<strong> F\u00dcR IHR UNTERNEHMEN <\/strong>NUTZEN<strong><br \/>\n<\/strong><\/h2>\n<p>[\/vc_column_text][vc_empty_space height=&#8221;64px&#8221;][\/vc_column][\/vc_row][vc_row type=&#8221;vc_default&#8221; content_placement=&#8221;middle&#8221;][vc_column width=&#8221;1\/2&#8243;][vc_empty_space][vc_custom_heading text=&#8221;VORSPRUNG DURCH TICUNIA&#8221; use_theme_fonts=&#8221;yes&#8221;][vc_column_text]Ticunia Booking mit Time Technology eignet sich f\u00fcr alle Unternehmen, die Hotelsuchen online anbieten. Ticunia f\u00fcgt sich \u00fcber eine Schnittstelle passgenau und reibungslos Ihr Hotelportal ein, ohne Ihr bestehendes System zu ersetzen.<\/p>\n<p>Mit Ticunia erhalten Sie einen starken Wettbewerbsvorteil. Ticunia Time Technology l\u00e4sst den Status Quo aller bekannten Hotelsuchen hinter sich.[\/vc_column_text][vc_empty_space][\/vc_column][vc_column width=&#8221;1\/2&#8243;][vc_single_image image=&#8221;1317&#8243; img_size=&#8221;full&#8221; alignment=&#8221;right&#8221; lazy_loading=&#8221;true&#8221;][\/vc_column][\/vc_row][vc_row][vc_column][vc_empty_space][\/vc_column][\/vc_row][vc_row type=&#8221;vc_default&#8221; full_width=&#8221;stretch_row&#8221; content_placement=&#8221;middle&#8221; parallax=&#8221;content-moving&#8221; parallax_image=&#8221;1333&#8243; parallax_speed_bg=&#8221;1.2&#8243; css=&#8221;.vc_custom_1546443491279{background-position: center;background-repeat: no-repeat !important;background-size: cover !important;}&#8221;][vc_column width=&#8221;2\/3&#8243;][\/vc_column][vc_column width=&#8221;1\/3&#8243;][vc_empty_space height=&#8221;150px&#8221;][vc_custom_heading text=&#8221;VORTEIL&#8221; font_container=&#8221;tag:h2|text_align:center&#8221; use_theme_fonts=&#8221;yes&#8221;][vc_custom_heading text=&#8221;Nutzen Sie die Ticunia Business Solutions f\u00fcr Ihr Hotelportal. &#8221; font_container=&#8221;tag:h2|font_size:20|text_align:center&#8221; use_theme_fonts=&#8221;yes&#8221;][vc_empty_space height=&#8221;200px&#8221;][\/vc_column][\/vc_row][vc_row type=&#8221;vc_default&#8221; full_width=&#8221;stretch_row&#8221; content_placement=&#8221;middle&#8221; css=&#8221;.vc_custom_1543503021557{background-color: #f8f9fb !important;}&#8221;][vc_column width=&#8221;1\/2&#8243;][vc_empty_space][vc_custom_heading text=&#8221;BUSINESS SOLUTIONS&#8221; use_theme_fonts=&#8221;yes&#8221;][vc_column_text]<\/p>\n<div class=\"wpb_text_column wpb_content_element \">\n<div class=\"wpb_wrapper\">\n<p>Der Markt f\u00fcr Hotelportale ist konzentriert. Ticunia bietet f\u00fcr alle Marktteilnehmer eine passgenaue L\u00f6sung. Alle Modelle bestehen grunds\u00e4tzlich aus den drei Komponenten <b>Interface, Solution-Design und Lizenz<\/b>. Diese drei Komponenten k\u00f6nnen individuell kombiniert werden.<\/p>\n<p><b>Interface<\/b> beschreibt Ihre Schnittstelle zu Ticunia. Hier werden Ihre Hotelangebote von Ticunia Time Technology algorithmisch verarbeitet und simultan wieder an Ihr Hotelportal ausgegeben.<\/p>\n<p><b>Solution-Design<\/b> besagt, in welchem Umfang individuelle, ma\u00dfgeschneiderte Features zur Hotelsuche bereitgestellt und hierbei das individuelle Design und Corporate Identity Ihres Unternehmens ber\u00fccksichtigt wird.<\/p>\n<p>Ihre <b>Lizenz<\/b> legt fest, in welchem Umfang Sie Ticunia nutzen. Der Umfang besteht aus der Anzahl der Suchanfragen, Anzahl der Hotels und Anzahl der gew\u00fcnschten Regionen oder L\u00e4nder.<i><\/i><\/div>\n<\/div>\n<p>[\/vc_column_text][vc_empty_space][\/vc_column][vc_column width=&#8221;1\/2&#8243;][vc_single_image image=&#8221;1306&#8243; img_size=&#8221;full&#8221; alignment=&#8221;right&#8221; lazy_loading=&#8221;true&#8221;][\/vc_column][\/vc_row][vc_row type=&#8221;vc_default&#8221; content_placement=&#8221;middle&#8221;][vc_column width=&#8221;1\/2&#8243;][vc_single_image image=&#8221;1308&#8243; img_size=&#8221;full&#8221; lazy_loading=&#8221;true&#8221;][\/vc_column][vc_column width=&#8221;1\/2&#8243;][vc_empty_space][vc_custom_heading text=&#8221;IHR WEG ZU TICUNIA&#8221; use_theme_fonts=&#8221;yes&#8221;][vc_column_text]<\/p>\n<div class=\"wpb_text_column wpb_content_element \">\n<div class=\"wpb_wrapper\">\n<p>Senden Sie uns eine Nachricht. Gem\u00e4\u00df Ihres Gesch\u00e4ftsmodells und Ihrer Portalgr\u00f6\u00dfe erfolgt eine individuelle Abstimmung des optimalen Business-Modells auf Grundlage der drei Parameter: Interface, Solution-Design und Lizenz. Die Beratung und die gemeinsame Abstimmung sind kostenfrei.<\/p>\n<p><i><strong>Dar\u00fcber hinaus steht Ticunia individuellen Unternehmenskooperationen grunds\u00e4tzlich offen gegen\u00fcber. Ticunia Time Technology ist in den L\u00e4ndern USA, Japan, EU, China, S\u00fcdkorea, Kanada und Australien zum Patent angemeldet. Vor diesem Hintergrund ist es zudem m\u00f6glich, eine Lizenzierung zu vereinbaren, die Ihrer individuellen Wettbewerbssituation Rechnung tr\u00e4gt.<\/strong> <\/i><\/p>\n<p>&nbsp;<\/p><\/div>\n<\/div>\n<p>[\/vc_column_text][\/vc_column][\/vc_row][vc_row][vc_column][vc_empty_space][\/vc_column][\/vc_row][vc_row type=&#8221;vc_default&#8221; full_width=&#8221;stretch_row&#8221; css=&#8221;.vc_custom_1543502456613{background-color: #f8f9fb !important;}&#8221;][vc_column][vc_empty_space][vc_custom_heading text=&#8221;NUTZEN SIE TICUNIA F\u00dcR IHR UNTERNEHMEN&#8221; font_container=&#8221;tag:h2|text_align:center&#8221; use_theme_fonts=&#8221;yes&#8221;][vc_custom_heading text=&#8221;IHR VORSPRUNG MIT DEN BUSINESS SOLUTIONS VON TICUNIA&#8221; font_container=&#8221;tag:h2|font_size:20|text_align:center&#8221; use_theme_fonts=&#8221;yes&#8221;][vc_empty_space height=&#8221;64px&#8221;][\/vc_column][\/vc_row][vc_row type=&#8221;vc_default&#8221; full_width=&#8221;stretch_row&#8221; content_placement=&#8221;middle&#8221; el_id=&#8221;contact&#8221; css=&#8221;.vc_custom_1543842269328{background-color: #557cc1 !important;}&#8221;][vc_column width=&#8221;1\/3&#8243;][vc_single_image image=&#8221;1048&#8243; img_size=&#8221;full&#8221; image_hovers=&#8221;false&#8221;][\/vc_column][vc_column width=&#8221;2\/3&#8243;][vc_custom_heading text=&#8221;IHR KONTAKT ZU UNS&#8221; font_container=&#8221;tag:h2|text_align:left|color:%23ffffff&#8221; use_theme_fonts=&#8221;yes&#8221;][vc_custom_heading text=&#8221;Senden Sie uns jetzt eine Nachricht.<br \/>\nUnsere Experten sind f\u00fcr Sie da. &#8221; font_container=&#8221;tag:h2|font_size:20|text_align:left|color:%23ffffff&#8221; use_theme_fonts=&#8221;yes&#8221;]<div role=\"form\" class=\"wpcf7\" id=\"wpcf7-f1053-o1\" lang=\"en-US\" dir=\"ltr\">\n<div class=\"screen-reader-response\" aria-live=\"polite\"><\/div>\n<form action=\"\/de\/wp-json\/wp\/v2\/pages\/1389#wpcf7-f1053-o1\" method=\"post\" class=\"wpcf7-form\" novalidate=\"novalidate\">\n<div style=\"display: none;\">\n<input type=\"hidden\" name=\"_wpcf7\" value=\"1053\" \/>\n<input type=\"hidden\" name=\"_wpcf7_version\" value=\"5.1.9\" \/>\n<input type=\"hidden\" name=\"_wpcf7_locale\" value=\"en_US\" \/>\n<input type=\"hidden\" name=\"_wpcf7_unit_tag\" value=\"wpcf7-f1053-o1\" \/>\n<input type=\"hidden\" name=\"_wpcf7_container_post\" value=\"0\" \/>\n<\/div>\n<p><label><br \/>\n    <span class=\"wpcf7-form-control-wrap your-name\"><input type=\"text\" name=\"your-name\" value=\"Name (required)\" size=\"40\" class=\"wpcf7-form-control wpcf7-text wpcf7-validates-as-required\" aria-required=\"true\" aria-invalid=\"false\" \/><\/span> <\/label><\/p>\n<p><label><br \/>\n    <span class=\"wpcf7-form-control-wrap your-email\"><input type=\"email\" name=\"your-email\" value=\"Email (required)\" size=\"40\" class=\"wpcf7-form-control wpcf7-text wpcf7-email wpcf7-validates-as-required wpcf7-validates-as-email\" aria-required=\"true\" aria-invalid=\"false\" \/><\/span> <\/label><\/p>\n<p><label><br \/>\n    <span class=\"wpcf7-form-control-wrap your-subject\"><input type=\"text\" name=\"your-subject\" value=\"Subject\" size=\"40\" class=\"wpcf7-form-control wpcf7-text\" aria-invalid=\"false\" \/><\/span> <\/label><\/p>\n<p><label><br \/>\n    <span class=\"wpcf7-form-control-wrap your-message\"><textarea name=\"your-message\" cols=\"40\" rows=\"10\" class=\"wpcf7-form-control wpcf7-textarea\" aria-invalid=\"false\">Message<\/textarea><\/span> <\/label><\/p>\n<p><input type=\"submit\" value=\"Send message\" class=\"wpcf7-form-control wpcf7-submit\" \/><\/p>\n<div class=\"wpcf7-response-output wpcf7-display-none\" aria-hidden=\"true\"><\/div><\/form><\/div>[vc_empty_space][\/vc_column][\/vc_row]<\/p>\n","protected":false},"excerpt":{"rendered":"<p>[vc_row type=&#8221;vc_default&#8221; full_width=&#8221;stretch_row_content&#8221; content_placement=&#8221;middle&#8221;][vc_column width=&#8221;1\/12&#8243;][\/vc_column][vc_column width=&#8221;1\/4&#8243;][vc_custom_heading text=&#8221;HOTEL BOOKING&#8221; use_theme_fonts=&#8221;yes&#8221;][vc_column_text]Die Hotelsuche mit Ticunia spart viel Zeit und Geld. Lange Hotellisten werden \u00fcberfl\u00fcssig, bessere Hotels geraten in die Auswahl. Die Suche gelingt wesentlich schneller. Auf dem Weg zum Hotel wird wertvolle Zeit gespart.[\/vc_column_text][\/vc_column][vc_column width=&#8221;7\/12&#8243;][rev_slider_vc alias=&#8221;hotel_video&#8221;][\/vc_column][vc_column width=&#8221;1\/12&#8243;][\/vc_column][\/vc_row][vc_row type=&#8221;vc_default&#8221; full_width=&#8221;stretch_row&#8221; css=&#8221;.vc_custom_1543494059820{background-color: #f8f9fb !important;}&#8221;][vc_column][vc_empty_space][vc_column_text] HOTELSUCHE MIT TIME TECHNOLOGY [\/vc_column_text][vc_empty_space][\/vc_column][\/vc_row][vc_row type=&#8221;vc_default&#8221;&hellip;<\/p>\n","protected":false},"author":1,"featured_media":0,"parent":1385,"menu_order":0,"comment_status":"closed","ping_status":"closed","template":"","meta":[],"_links":{"self":[{"href":"https:\/\/ticunia.com\/de\/wp-json\/wp\/v2\/pages\/1389"}],"collection":[{"href":"https:\/\/ticunia.com\/de\/wp-json\/wp\/v2\/pages"}],"about":[{"href":"https:\/\/ticunia.com\/de\/wp-json\/wp\/v2\/types\/page"}],"author":[{"embeddable":true,"href":"https:\/\/ticunia.com\/de\/wp-json\/wp\/v2\/users\/1"}],"replies":[{"embeddable":true,"href":"https:\/\/ticunia.com\/de\/wp-json\/wp\/v2\/comments?post=1389"}],"version-history":[{"count":4,"href":"https:\/\/ticunia.com\/de\/wp-json\/wp\/v2\/pages\/1389\/revisions"}],"predecessor-version":[{"id":1463,"href":"https:\/\/ticunia.com\/de\/wp-json\/wp\/v2\/pages\/1389\/revisions\/1463"}],"up":[{"embeddable":true,"href":"https:\/\/ticunia.com\/de\/wp-json\/wp\/v2\/pages\/1385"}],"wp:attachment":[{"href":"https:\/\/ticunia.com\/de\/wp-json\/wp\/v2\/media?parent=1389"}],"curies":[{"name":"wp","href":"https:\/\/api.w.org\/{rel}","templated":true}]}}