{"id":1385,"date":"2019-01-04T12:10:53","date_gmt":"2019-01-04T12:10:53","guid":{"rendered":"https:\/\/ticunia.com\/de\/?page_id=1385"},"modified":"2019-01-04T12:10:53","modified_gmt":"2019-01-04T12:10:53","slug":"anwendungsbereiche","status":"publish","type":"page","link":"https:\/\/ticunia.com\/de\/anwendungsbereiche\/","title":{"rendered":"Anwendungsbereiche"},"content":{"rendered":"<p>[vc_row type=&#8221;vc_default&#8221; full_width=&#8221;stretch_row&#8221; content_placement=&#8221;middle&#8221;][vc_column width=&#8221;1\/2&#8243;][vc_empty_space][vc_custom_heading text=&#8221;VIELF\u00c4LTIGE ANWENDUNGSBEREICHE&#8221; use_theme_fonts=&#8221;yes&#8221;][vc_column_text]<\/p>\n<div class=\"wpb_text_column wpb_content_element \">\n<div class=\"wpb_wrapper\">\n<p>Ticunia funktioniert immer dann, wenn der Mensch auf der Suche nach Zielen ist. Und der Mensch ist oft auf der Suche. Nach Jobs, Hotels, Urlaub, Wohnungen, Restaurants, Standorten, Partnern, Shops, Ausfl\u00fcgen und vielem mehr.<\/p>\n<p>Dar\u00fcber hinaus existiert ein Spektrum an individuellen L\u00f6sungen f\u00fcr Unternehmen in den Bereichen Logistic, Maintenance, Security und Health. Diese customized solutions weisen ein hohes Ma\u00df an Spezialisierung auf.<\/p><\/div>\n<\/div>\n<p>[\/vc_column_text][vc_empty_space height=&#8221;64px&#8221;][\/vc_column][vc_column width=&#8221;1\/2&#8243;][vc_empty_space][vc_single_image image=&#8221;790&#8243; img_size=&#8221;full&#8221; alignment=&#8221;right&#8221;][\/vc_column][\/vc_row][vc_row][vc_column][vc_empty_space height=&#8221;64px&#8221;][\/vc_column][\/vc_row][vc_row type=&#8221;vc_default&#8221; full_width=&#8221;stretch_row_content&#8221; equal_height=&#8221;yes&#8221; content_placement=&#8221;middle&#8221; css=&#8221;.vc_custom_1543254615333{background-color: #f8f9fb !important;}&#8221;][vc_column width=&#8221;1\/12&#8243;][\/vc_column][vc_column width=&#8221;1\/3&#8243;][vc_empty_space][vc_custom_heading text=&#8221;IMMOBILIEN<br \/>\nBUSINESS SOLUTIONS&#8221; use_theme_fonts=&#8221;yes&#8221;][vc_empty_space height=&#8221;16px&#8221;][vc_column_text]<\/p>\n<p style=\"text-align: left;\" align=\"center\"><strong>TIME TECHNOLOGY SEARCH<br \/>\n<\/strong><\/p>\n<p style=\"text-align: left;\" align=\"center\">Immobilienentscheidungen sind weitreichend. Daher ber\u00fccksichtigt Ticunia alle wichtigen Faktoren: Preis, geografische Lage, zeitliche Lage, individuelle Folgekosten wie die Pendlerkosten. Alle Parameter halten Einzug in eine einzigartige Suche, die die besten Ergebnisse auf einen Blick erkennen lassen.<\/p>\n<p>[\/vc_column_text][vc_row_inner][vc_column_inner width=&#8221;1\/2&#8243;][vc_icon type=&#8221;openiconic&#8221; icon_openiconic=&#8221;vc-oi vc-oi-home&#8221; color=&#8221;custom&#8221; custom_color=&#8221;#557cc1&#8243; css=&#8221;.vc_custom_1543325676937{margin-bottom: 0px !important;}&#8221;][vc_custom_heading text=&#8221;Kosten senken&#8221; font_container=&#8221;tag:h2|font_size:20|text_align:left&#8221; use_theme_fonts=&#8221;yes&#8221;][vc_column_text]<\/p>\n<p style=\"text-align: left;\">Mehr Immobilie f\u00fcr weniger Geld.\u00a0 Immobilien erkennen, die zeitlich besser zu erreichen und trotzdem viel g\u00fcnstiger sind.<\/p>\n<p>[\/vc_column_text][\/vc_column_inner][vc_column_inner width=&#8221;1\/2&#8243;][vc_icon type=&#8221;openiconic&#8221; icon_openiconic=&#8221;vc-oi vc-oi-undo&#8221; color=&#8221;custom&#8221; custom_color=&#8221;#557cc1&#8243; css=&#8221;.vc_custom_1543325661110{margin-bottom: 0px !important;}&#8221;][vc_custom_heading text=&#8221;Zeit gewinnen&#8221; font_container=&#8221;tag:h2|font_size:20|text_align:left&#8221; use_theme_fonts=&#8221;yes&#8221;][vc_column_text]<\/p>\n<p style=\"text-align: left;\">T\u00e4glich Zeit und Kosten sparen. Durch die richtige Lage lassen sich Pendlerkosten minimieren.<\/p>\n<p>[\/vc_column_text][\/vc_column_inner][\/vc_row_inner][vc_empty_space]<style type=\"text\/css\">#dt-btn-1 {color: #557cc1;border-color: #557cc1;}#dt-btn-1 > .text-wrap * {color: #557cc1;}#dt-btn-1:hover {color: #ffffff;background: #557cc1;border-color: #557cc1;}#dt-btn-1:hover > .text-wrap * {color: #ffffff;}<\/style><a href=\"https:\/\/ticunia.com\/application-fields\/real-estate\/\" class=\"btn-shortcode dt-btn-m dt-btn outline-bg-btn custom-btn-color custom-btn-hover-color ico-right-side bluebtn\" id=\"dt-btn-1\"><span>IMMOBILIEN BUSINESS SOLUTIONS<\/span><i class=\"fa fa-arrow-right\"><\/i><\/a>[vc_empty_space height=&#8221;64px&#8221;][\/vc_column][vc_column width=&#8221;1\/2&#8243;][vc_empty_space][vc_single_image image=&#8221;849&#8243; img_size=&#8221;full&#8221; alignment=&#8221;right&#8221;][\/vc_column][vc_column width=&#8221;1\/12&#8243;][\/vc_column][\/vc_row][vc_row type=&#8221;vc_default&#8221; full_width=&#8221;stretch_row_content&#8221; equal_height=&#8221;yes&#8221; content_placement=&#8221;middle&#8221;][vc_column width=&#8221;1\/12&#8243;][\/vc_column][vc_column width=&#8221;1\/3&#8243;][vc_empty_space][vc_custom_heading text=&#8221;HOTEL BENEFITS&#8221; use_theme_fonts=&#8221;yes&#8221;][vc_column_text]Gerade in Ballungsr\u00e4umen gilt: Die geografische Lage sagt nichts aus. Entscheident ist die zeitliche Erreichbarkeit vor Ort. Je nach Vekehrmittel kann ein Hotel, dass geografisch nah bei der Messe liegt, zeitlich sehr weit entfernt sein.<\/p>\n<p>Die langen Hotellisten der Buchungsportale sind un\u00fcbersichtlich, mit Ticunia werden sie \u00fcberfl\u00fcssig. Sie erkennen die zeitliche Erreichbarkeit, den Preis, die Kundenbewertung und Ausstattung aller Hotels auf einen Blick und k\u00f6nnen schnell und sicher eine richtige Entscheidung treffen.[\/vc_column_text][vc_row_inner][vc_column_inner width=&#8221;1\/2&#8243;][vc_icon type=&#8221;openiconic&#8221; icon_openiconic=&#8221;vc-oi vc-oi-cursor&#8221; color=&#8221;custom&#8221; custom_color=&#8221;#557cc1&#8243; css=&#8221;.vc_custom_1543326188288{margin-bottom: 0px !important;}&#8221;][vc_custom_heading text=&#8221;Das richtige Hotel &#8221; font_container=&#8221;tag:h2|font_size:20|text_align:left&#8221; use_theme_fonts=&#8221;yes&#8221;][vc_column_text]<\/p>\n<p style=\"text-align: left;\">Statt langer Hotellisten: Auf einen Blick das bessere Hotel f\u00fcr weniger Geld.<\/p>\n<p>[\/vc_column_text][\/vc_column_inner][vc_column_inner width=&#8221;1\/2&#8243;][vc_icon type=&#8221;openiconic&#8221; icon_openiconic=&#8221;vc-oi vc-oi-resize-small-alt&#8221; color=&#8221;custom&#8221; custom_color=&#8221;#557cc1&#8243; css=&#8221;.vc_custom_1543326240360{margin-bottom: 0px !important;}&#8221;][vc_custom_heading text=&#8221;Travel Management&#8221; font_container=&#8221;tag:h2|font_size:20|text_align:left&#8221; use_theme_fonts=&#8221;yes&#8221;][vc_column_text]Ihr Ticket zur Kostensenkung: Customized Travel Managment L\u00f6sungen von Ticunia.[\/vc_column_text][\/vc_column_inner][\/vc_row_inner][vc_row_inner][vc_column_inner width=&#8221;1\/2&#8243;][vc_empty_space]<style type=\"text\/css\">#dt-btn-2 {color: #557cc1;border-color: #557cc1;}#dt-btn-2 > .text-wrap * {color: #557cc1;}#dt-btn-2:hover {color: #ffffff;background: #557cc1;border-color: #557cc1;}#dt-btn-2:hover > .text-wrap * {color: #ffffff;}<\/style><a href=\"https:\/\/ticunia.com\/application-fields\/hotels\/\" class=\"btn-shortcode dt-btn-m dt-btn outline-bg-btn custom-btn-color custom-btn-hover-color ico-right-side\" id=\"dt-btn-2\"><span>MEHR ZU HOTELS<\/span><i class=\"fa fa-arrow-right\"><\/i><\/a>[vc_empty_space height=&#8221;64px&#8221;][\/vc_column_inner][vc_column_inner width=&#8221;1\/2&#8243;][vc_empty_space]<style type=\"text\/css\">#dt-btn-3 {color: #557cc1;border-color: #557cc1;}#dt-btn-3 > .text-wrap * {color: #557cc1;}#dt-btn-3:hover {color: #ffffff;background: #557cc1;border-color: #557cc1;}#dt-btn-3:hover > .text-wrap * {color: #ffffff;}<\/style><a href=\"https:\/\/ticunia.com\/application-fields\/travel-management\/\" class=\"btn-shortcode dt-btn-m dt-btn outline-bg-btn custom-btn-color custom-btn-hover-color ico-right-side\" id=\"dt-btn-3\"><span>MEHR ZU TRAVEL MANAGEMENT<\/span><i class=\"fa fa-arrow-right\"><\/i><\/a>[vc_empty_space height=&#8221;64px&#8221;][\/vc_column_inner][\/vc_row_inner][\/vc_column][vc_column width=&#8221;1\/2&#8243;][vc_empty_space][vc_single_image image=&#8221;852&#8243; img_size=&#8221;full&#8221; alignment=&#8221;right&#8221;][\/vc_column][vc_column width=&#8221;1\/12&#8243;][\/vc_column][\/vc_row][vc_row][vc_column][vc_empty_space height=&#8221;64px&#8221;][\/vc_column][\/vc_row][vc_row type=&#8221;vc_default&#8221; full_width=&#8221;stretch_row_content&#8221; equal_height=&#8221;yes&#8221; content_placement=&#8221;middle&#8221; css=&#8221;.vc_custom_1543254615333{background-color: #f8f9fb !important;}&#8221;][vc_column width=&#8221;1\/12&#8243;][\/vc_column][vc_column width=&#8221;1\/3&#8243;][vc_empty_space][vc_custom_heading text=&#8221;JOB BENEFITS&#8221; use_theme_fonts=&#8221;yes&#8221;][vc_column_text]Im 100 km-Umkreis von K\u00f6ln gibt es 1900 Jobs im Vertrieb. Selbst wenn man es schaffen w\u00fcrde, alle Jobs in der Liste zu vergleichen, trifft man garantiert eine falsche Entscheidung. Denn der 100 km-Umkreis sagt gar nichts aus \u00fcber die zeitliche Erreichbarkeit der Arbeitspl\u00e4tze.<\/p>\n<p>Mit Ticunia sehen Sie nicht nur alle passenden Jobs auf einen Blick, sondern erkennen auch sofort ihre zeitliche Entfernung. Das spart Zeit bei der Jobsuche und vor allem: Es spart t\u00e4glich Zeit und Geld auf dem Weg zum Arbeitsplatz.[\/vc_column_text][vc_row_inner][vc_column_inner width=&#8221;1\/2&#8243;][vc_icon type=&#8221;openiconic&#8221; icon_openiconic=&#8221;vc-oi vc-oi-cursor&#8221; color=&#8221;custom&#8221; custom_color=&#8221;#557cc1&#8243; css=&#8221;.vc_custom_1543326188288{margin-bottom: 0px !important;}&#8221;][vc_custom_heading text=&#8221;Der bessere Job&#8221; font_container=&#8221;tag:h2|font_size:20|text_align:left&#8221; use_theme_fonts=&#8221;yes&#8221;][vc_column_text]<\/p>\n<p style=\"text-align: left;\">Jobsuche schnell und genau. Jobsuche mit Zeit zum Arbeitsplatz.<\/p>\n<p>[\/vc_column_text][\/vc_column_inner][vc_column_inner width=&#8221;1\/2&#8243;][vc_icon type=&#8221;openiconic&#8221; icon_openiconic=&#8221;vc-oi vc-oi-resize-small-alt&#8221; color=&#8221;custom&#8221; custom_color=&#8221;#557cc1&#8243; css=&#8221;.vc_custom_1543326240360{margin-bottom: 0px !important;}&#8221;][vc_custom_heading text=&#8221;Mehr vom Gehalt&#8221; font_container=&#8221;tag:h2|font_size:20|text_align:left&#8221; use_theme_fonts=&#8221;yes&#8221;][vc_column_text]<\/p>\n<p style=\"text-align: left;\">Pendlerkosten optimieren. T\u00e4glich Zeit und Geld sparen.<\/p>\n<p>[\/vc_column_text][\/vc_column_inner][\/vc_row_inner][vc_empty_space]<style type=\"text\/css\">#dt-btn-4 {color: #557cc1;border-color: #888888;}#dt-btn-4 > .text-wrap * {color: #557cc1;}#dt-btn-4:hover {color: #ffffff;background: #557cc1;border-color: #557cc1;}#dt-btn-4:hover > .text-wrap * {color: #ffffff;}<\/style><a href=\"https:\/\/ticunia.com\/application-fields\/jobs\/\" class=\"btn-shortcode dt-btn-m dt-btn outline-bg-btn custom-btn-color custom-btn-hover-color ico-right-side\" id=\"dt-btn-4\"><span>MEHR ZU JOBS<\/span><i class=\"fa fa-arrow-right\"><\/i><\/a>[vc_empty_space height=&#8221;64px&#8221;][\/vc_column][vc_column width=&#8221;1\/2&#8243;][vc_empty_space][vc_single_image image=&#8221;900&#8243; img_size=&#8221;large&#8221; alignment=&#8221;center&#8221;][\/vc_column][vc_column width=&#8221;1\/12&#8243;][\/vc_column][\/vc_row][vc_row type=&#8221;vc_default&#8221; full_width=&#8221;stretch_row_content&#8221; equal_height=&#8221;yes&#8221; content_placement=&#8221;middle&#8221;][vc_column width=&#8221;1\/12&#8243;][\/vc_column][vc_column width=&#8221;1\/3&#8243;][vc_empty_space][vc_custom_heading text=&#8221;LOCAL BENEFITS&#8221; use_theme_fonts=&#8221;yes&#8221;][vc_column_text]Erkundet man die Gro\u00dfstadt, ist man umgeben von Verkehrmitteln aller Art: S-Bahn, U-Bahn, Taxi, Bus, Car-Sharing, Bike-Sharing und neu sogar E-Scootern. Jedes Verkehrmittel kann aus enfernten Zielen im Handumdrehen ein zeitlich nahes Ziel machen.<\/p>\n<p>Mit Ticunia l\u00e4sst sich jede Gro\u00dfstadt perfekt erkunden. Egal, ob Ihre Ziele Shopping, Museen, Restaurants etc. hei\u00dfen &#8211; mit Ticunia wird sichtbar, wie schnell diese zu erreichen sind. Ganz individuell je nach Ihrem aktuellen Standort und je nach den aktuell verf\u00fcgbaren Verkehrmitteln um Sie herum.[\/vc_column_text][vc_row_inner][vc_column_inner width=&#8221;1\/2&#8243;][vc_icon type=&#8221;openiconic&#8221; icon_openiconic=&#8221;vc-oi vc-oi-cursor&#8221; color=&#8221;custom&#8221; custom_color=&#8221;#557cc1&#8243; css=&#8221;.vc_custom_1543326188288{margin-bottom: 0px !important;}&#8221;][vc_custom_heading text=&#8221;Individuell und schnell&#8221; font_container=&#8221;tag:h2|font_size:20|text_align:left&#8221; use_theme_fonts=&#8221;yes&#8221;][vc_column_text]<\/p>\n<p style=\"text-align: left;\">Mit Ticunia schneller zum Ziel &#8211; individuell mit den aktuellen, um Sie herum verf\u00fcgbaren Verkehrmitteln.<\/p>\n<p>[\/vc_column_text][\/vc_column_inner][vc_column_inner width=&#8221;1\/2&#8243;][vc_icon type=&#8221;openiconic&#8221; icon_openiconic=&#8221;vc-oi vc-oi-resize-small-alt&#8221; color=&#8221;custom&#8221; custom_color=&#8221;#557cc1&#8243; css=&#8221;.vc_custom_1543326240360{margin-bottom: 0px !important;}&#8221;][vc_custom_heading text=&#8221;Erleben statt Verpassen&#8221; font_container=&#8221;tag:h2|font_size:20|text_align:left&#8221; use_theme_fonts=&#8221;yes&#8221;][vc_column_text]<\/p>\n<p style=\"text-align: left;\">Verpassen Sie nicht das Beste. Lokale Ziele finden, die ohne Ticunia niemals erschienen w\u00e4ren.<\/p>\n<p>[\/vc_column_text][\/vc_column_inner][\/vc_row_inner][vc_empty_space]<style type=\"text\/css\">#dt-btn-5 {color: #557cc1;border-color: #557cc1;}#dt-btn-5 > .text-wrap * {color: #557cc1;}#dt-btn-5:hover {color: #ffffff;background: #557cc1;border-color: #557cc1;}#dt-btn-5:hover > .text-wrap * {color: #ffffff;}<\/style><a href=\"#\" class=\"btn-shortcode dt-btn-m dt-btn outline-bg-btn custom-btn-color custom-btn-hover-color ico-right-side\" id=\"dt-btn-5\"><span>MEHR ZU ERKUNDEN<\/span><i class=\"fa fa-arrow-right\"><\/i><\/a>[vc_empty_space height=&#8221;64px&#8221;][\/vc_column][vc_column width=&#8221;1\/2&#8243;][vc_empty_space][vc_single_image image=&#8221;868&#8243; img_size=&#8221;full&#8221; alignment=&#8221;right&#8221;][\/vc_column][vc_column width=&#8221;1\/12&#8243;][\/vc_column][\/vc_row][vc_row type=&#8221;vc_default&#8221; full_width=&#8221;stretch_row&#8221; content_placement=&#8221;middle&#8221; el_id=&#8221;contact&#8221; css=&#8221;.vc_custom_1543842269328{background-color: #557cc1 !important;}&#8221;][vc_column width=&#8221;1\/3&#8243;][vc_single_image image=&#8221;1048&#8243; img_size=&#8221;full&#8221; image_hovers=&#8221;false&#8221;][\/vc_column][vc_column width=&#8221;2\/3&#8243;][vc_custom_heading text=&#8221;GET IN TOUCH!&#8221; font_container=&#8221;tag:h2|text_align:left|color:%23ffffff&#8221; use_theme_fonts=&#8221;yes&#8221;][vc_custom_heading text=&#8221;Write us a message and talk to one of our experts.&#8221; font_container=&#8221;tag:h2|font_size:20|text_align:left|color:%23ffffff&#8221; use_theme_fonts=&#8221;yes&#8221;]<div role=\"form\" class=\"wpcf7\" id=\"wpcf7-f1053-o1\" lang=\"en-US\" dir=\"ltr\">\n<div class=\"screen-reader-response\" aria-live=\"polite\"><\/div>\n<form action=\"\/de\/wp-json\/wp\/v2\/pages\/1385#wpcf7-f1053-o1\" method=\"post\" class=\"wpcf7-form\" novalidate=\"novalidate\">\n<div style=\"display: none;\">\n<input type=\"hidden\" name=\"_wpcf7\" value=\"1053\" \/>\n<input type=\"hidden\" name=\"_wpcf7_version\" value=\"5.1.9\" \/>\n<input type=\"hidden\" name=\"_wpcf7_locale\" value=\"en_US\" \/>\n<input type=\"hidden\" name=\"_wpcf7_unit_tag\" value=\"wpcf7-f1053-o1\" \/>\n<input type=\"hidden\" name=\"_wpcf7_container_post\" value=\"0\" \/>\n<\/div>\n<p><label><br \/>\n    <span class=\"wpcf7-form-control-wrap your-name\"><input type=\"text\" name=\"your-name\" value=\"Name (required)\" size=\"40\" class=\"wpcf7-form-control wpcf7-text wpcf7-validates-as-required\" aria-required=\"true\" aria-invalid=\"false\" \/><\/span> <\/label><\/p>\n<p><label><br \/>\n    <span class=\"wpcf7-form-control-wrap your-email\"><input type=\"email\" name=\"your-email\" value=\"Email (required)\" size=\"40\" class=\"wpcf7-form-control wpcf7-text wpcf7-email wpcf7-validates-as-required wpcf7-validates-as-email\" aria-required=\"true\" aria-invalid=\"false\" \/><\/span> <\/label><\/p>\n<p><label><br \/>\n    <span class=\"wpcf7-form-control-wrap your-subject\"><input type=\"text\" name=\"your-subject\" value=\"Subject\" size=\"40\" class=\"wpcf7-form-control wpcf7-text\" aria-invalid=\"false\" \/><\/span> <\/label><\/p>\n<p><label><br \/>\n    <span class=\"wpcf7-form-control-wrap your-message\"><textarea name=\"your-message\" cols=\"40\" rows=\"10\" class=\"wpcf7-form-control wpcf7-textarea\" aria-invalid=\"false\">Message<\/textarea><\/span> <\/label><\/p>\n<p><input type=\"submit\" value=\"Send message\" class=\"wpcf7-form-control wpcf7-submit\" \/><\/p>\n<div class=\"wpcf7-response-output wpcf7-display-none\" aria-hidden=\"true\"><\/div><\/form><\/div>[vc_empty_space][\/vc_column][\/vc_row]<\/p>\n","protected":false},"excerpt":{"rendered":"<p>[vc_row type=&#8221;vc_default&#8221; full_width=&#8221;stretch_row&#8221; content_placement=&#8221;middle&#8221;][vc_column width=&#8221;1\/2&#8243;][vc_empty_space][vc_custom_heading text=&#8221;VIELF\u00c4LTIGE ANWENDUNGSBEREICHE&#8221; use_theme_fonts=&#8221;yes&#8221;][vc_column_text] Ticunia funktioniert immer dann, wenn der Mensch auf der Suche nach Zielen ist. Und der Mensch ist oft auf der Suche. Nach Jobs, Hotels, Urlaub, Wohnungen, Restaurants, Standorten, Partnern, Shops, Ausfl\u00fcgen und vielem mehr. Dar\u00fcber hinaus existiert ein Spektrum an individuellen L\u00f6sungen f\u00fcr Unternehmen in den Bereichen&hellip;<\/p>\n","protected":false},"author":1,"featured_media":0,"parent":0,"menu_order":0,"comment_status":"closed","ping_status":"closed","template":"","meta":[],"_links":{"self":[{"href":"https:\/\/ticunia.com\/de\/wp-json\/wp\/v2\/pages\/1385"}],"collection":[{"href":"https:\/\/ticunia.com\/de\/wp-json\/wp\/v2\/pages"}],"about":[{"href":"https:\/\/ticunia.com\/de\/wp-json\/wp\/v2\/types\/page"}],"author":[{"embeddable":true,"href":"https:\/\/ticunia.com\/de\/wp-json\/wp\/v2\/users\/1"}],"replies":[{"embeddable":true,"href":"https:\/\/ticunia.com\/de\/wp-json\/wp\/v2\/comments?post=1385"}],"version-history":[{"count":1,"href":"https:\/\/ticunia.com\/de\/wp-json\/wp\/v2\/pages\/1385\/revisions"}],"predecessor-version":[{"id":1386,"href":"https:\/\/ticunia.com\/de\/wp-json\/wp\/v2\/pages\/1385\/revisions\/1386"}],"wp:attachment":[{"href":"https:\/\/ticunia.com\/de\/wp-json\/wp\/v2\/media?parent=1385"}],"curies":[{"name":"wp","href":"https:\/\/api.w.org\/{rel}","templated":true}]}}